{"id":8110,"date":"2023-11-04T15:30:17","date_gmt":"2023-11-04T19:30:17","guid":{"rendered":"https:\/\/promasanimation.com\/?post_type=product&#038;p=8110"},"modified":"2025-04-25T14:16:05","modified_gmt":"2025-04-25T18:16:05","slug":"otq-20-off-animated-historical-tour-sainte-anne-de-beaupre","status":"publish","type":"product","link":"https:\/\/promasanimation.com\/en\/produit\/otq-20-off-animated-historical-tour-sainte-anne-de-beaupre\/","title":{"rendered":"OTQ 20% Off &#8211; Animated Historical Tour &#8211; Sainte-Anne-de-Beaupr\u00e9"},"content":{"rendered":"<p><strong>20% DISCOUNT ON THE ANIMATED GUIDED TOUR FOR OTQ MEMBERS WITH PROMO CODE\u00a0<em>PROMOOTQ<\/em><\/strong><\/p>\n<p>&nbsp;<\/p>\n<p><strong>See many of the elements that have shaped the C\u00f4te de Beaupr\u00e9 landscape!<\/strong><\/p>\n<p>Discover the new wharf, the commemorative chapel, a replica of Michelangelo&#8217;s Piet\u00e0, the first cemetery, the basilica and the Cyclorama de J\u00e9rusalem. Plus, you&#8217;ll have the chance to enter the basilica along the way!<\/p>\n<p>For about 75 minutes, a costumed and passionate comedian will take you through the city&#8217;s different neighborhoods, recounting them from a historical perspective. With humor and passion, he depicts the events of the past, from the settlement of pioneers on C\u00f4te de Beaupr\u00e9 to the rehabilitation of the town&#8217;s wharf.<\/p>\n<div class=\"subsection\" data-v-5ce760f0=\"\" data-v-6e564eaf-s=\"\" data-test-id=\"activity-details-fields-description-display\">\n<div class=\"content-builder-markdown-view\" data-v-5ecb7dfc=\"\" data-v-5ce760f0=\"\" data-v-6e564eaf-s=\"\">\n<p><strong>Sainte-Anne-de-Beaupr\u00e9 is a story to discover!<\/strong><\/p>\n<\/div>\n<\/div>\n<div class=\"subsection\" data-v-5ce760f0=\"\" data-v-6e564eaf-s=\"\" data-test-id=\"activity-details-fields-what-is-included-display\"><\/div>\n<p><strong>Important information!<\/strong><\/p>\n<ul>\n<li>The tour starts next to the Quai de Sainte-Anne-de-Beaupr\u00e9 ticket office<\/li>\n<li>The tour ends in front of the Cyclorama de J\u00e9rusalem<\/li>\n<li>The tour lasts approximately 1h15<\/li>\n<li>The tour is done on foot<\/li>\n<li>The tour takes place whatever the weather, so bring appropriate clothing<\/li>\n<\/ul>\n<p>&nbsp;<\/p>\n<p>Want to come and see us, but don\u2019t have any transport?<\/p>\n<p>The river shuttle offered by Croisi\u00e8res AML is available as a package to transport you to the C\u00f4te de Beaupr\u00e9.<\/p>\n<p><em>*The promotion does not apply to the shuttle package.<\/em><\/p>\n<p>&nbsp;<\/p>\n<p><strong><a href=\"https:\/\/www.croisieresaml.com\/en\/our-cruises\/quebec-city\/half-day-excursion-to-the-basilica-of-saint-anne-de-beaupre\">BOOK A TOUR WITH SHUTTLE<\/a><\/strong><\/p>\n<p><strong><a href=\"https:\/\/promasanimation.com\/produit\/rabais-otq-20-visite-animee-historique-sainte-anne-de-beaupre\/\">CLIQUEZ ICI POUR FRAN\u00c7AIS<\/a><\/strong><\/p>\n","protected":false},"excerpt":{"rendered":"<p>20% DISCOUNT ON THE ANIMATED GUIDED TOUR FOR OTQ MEMBERS WITH PROMO CODE\u00a0PROMOOTQ &nbsp; See many of the elements that have shaped the C\u00f4te de Beaupr\u00e9 landscape! Discover the new wharf, the commemorative chapel, a replica of Michelangelo&#8217;s Piet\u00e0, the first cemetery, the basilica and the Cyclorama de J\u00e9rusalem. Plus, you&#8217;ll have the chance to [&hellip;]<\/p>\n","protected":false},"featured_media":8135,"template":"","meta":{"_acf_changed":false},"product_brand":[],"product_cat":[75],"product_tag":[],"les-promenades-fantomes":[62,59],"promas-service":[64],"class_list":{"0":"post-8110","1":"product","2":"type-product","3":"status-publish","4":"has-post-thumbnail","6":"product_cat-promotions","7":"les-promenades-fantomes-animated-guided-tour","8":"les-promenades-fantomes-promotions-en","9":"promas-service-historical-animation","11":"first","12":"instock","13":"taxable","14":"shipping-taxable","15":"purchasable","16":"product-type-phive_booking"},"acf":[],"yoast_head":"<!-- This site is optimized with the Yoast SEO plugin v27.4 - https:\/\/yoast.com\/product\/yoast-seo-wordpress\/ -->\n<title>OTQ 20% Off - Animated Historical Tour - Sainte-Anne-de-Beaupr\u00e9 - Promas - Service d&#039;animation<\/title>\n<meta name=\"description\" content=\"Animated guided tour Sainte-Anne-de-Beaupr\u00e9\" \/>\n<meta name=\"robots\" content=\"index, follow, max-snippet:-1, max-image-preview:large, max-video-preview:-1\" \/>\n<link rel=\"canonical\" href=\"https:\/\/promasanimation.com\/en\/produit\/otq-20-off-animated-historical-tour-sainte-anne-de-beaupre\/\" \/>\n<meta property=\"og:locale\" content=\"en_US\" \/>\n<meta property=\"og:type\" content=\"article\" \/>\n<meta property=\"og:title\" content=\"OTQ 20% Off - Animated Historical Tour - Sainte-Anne-de-Beaupr\u00e9 - Promas - Service d&#039;animation\" \/>\n<meta property=\"og:description\" content=\"Animated guided tour Sainte-Anne-de-Beaupr\u00e9\" \/>\n<meta property=\"og:url\" content=\"https:\/\/promasanimation.com\/en\/produit\/otq-20-off-animated-historical-tour-sainte-anne-de-beaupre\/\" \/>\n<meta property=\"og:site_name\" content=\"Promas - Service d&#039;animation\" \/>\n<meta property=\"article:publisher\" content=\"https:\/\/www.facebook.com\/Promasanimation\" \/>\n<meta property=\"article:modified_time\" content=\"2025-04-25T18:16:05+00:00\" \/>\n<meta property=\"og:image\" content=\"https:\/\/promasanimation.com\/wp-content\/uploads\/2023\/05\/PROMAS-ANIMATION-HISTORIQUE-SAB-EN.jpg\" \/>\n\t<meta property=\"og:image:width\" content=\"1000\" \/>\n\t<meta property=\"og:image:height\" content=\"1000\" \/>\n\t<meta property=\"og:image:type\" content=\"image\/jpeg\" \/>\n<meta name=\"twitter:card\" content=\"summary_large_image\" \/>\n<meta name=\"twitter:label1\" content=\"Est. reading time\" \/>\n\t<meta name=\"twitter:data1\" content=\"2 minutes\" \/>\n<script type=\"application\/ld+json\" class=\"yoast-schema-graph\">{\"@context\":\"https:\\\/\\\/schema.org\",\"@graph\":[{\"@type\":\"WebPage\",\"@id\":\"https:\\\/\\\/promasanimation.com\\\/en\\\/produit\\\/otq-20-off-animated-historical-tour-sainte-anne-de-beaupre\\\/\",\"url\":\"https:\\\/\\\/promasanimation.com\\\/en\\\/produit\\\/otq-20-off-animated-historical-tour-sainte-anne-de-beaupre\\\/\",\"name\":\"OTQ 20% Off - Animated Historical Tour - Sainte-Anne-de-Beaupr\u00e9 - Promas - Service d&#039;animation\",\"isPartOf\":{\"@id\":\"https:\\\/\\\/promasanimation.com\\\/#website\"},\"primaryImageOfPage\":{\"@id\":\"https:\\\/\\\/promasanimation.com\\\/en\\\/produit\\\/otq-20-off-animated-historical-tour-sainte-anne-de-beaupre\\\/#primaryimage\"},\"image\":{\"@id\":\"https:\\\/\\\/promasanimation.com\\\/en\\\/produit\\\/otq-20-off-animated-historical-tour-sainte-anne-de-beaupre\\\/#primaryimage\"},\"thumbnailUrl\":\"https:\\\/\\\/promasanimation.com\\\/wp-content\\\/uploads\\\/2023\\\/05\\\/PROMAS-ANIMATION-HISTORIQUE-SAB-EN.jpg\",\"datePublished\":\"2023-11-04T19:30:17+00:00\",\"dateModified\":\"2025-04-25T18:16:05+00:00\",\"description\":\"Animated guided tour Sainte-Anne-de-Beaupr\u00e9\",\"breadcrumb\":{\"@id\":\"https:\\\/\\\/promasanimation.com\\\/en\\\/produit\\\/otq-20-off-animated-historical-tour-sainte-anne-de-beaupre\\\/#breadcrumb\"},\"inLanguage\":\"en-CA\",\"potentialAction\":[{\"@type\":\"ReadAction\",\"target\":[\"https:\\\/\\\/promasanimation.com\\\/en\\\/produit\\\/otq-20-off-animated-historical-tour-sainte-anne-de-beaupre\\\/\"]}]},{\"@type\":\"ImageObject\",\"inLanguage\":\"en-CA\",\"@id\":\"https:\\\/\\\/promasanimation.com\\\/en\\\/produit\\\/otq-20-off-animated-historical-tour-sainte-anne-de-beaupre\\\/#primaryimage\",\"url\":\"https:\\\/\\\/promasanimation.com\\\/wp-content\\\/uploads\\\/2023\\\/05\\\/PROMAS-ANIMATION-HISTORIQUE-SAB-EN.jpg\",\"contentUrl\":\"https:\\\/\\\/promasanimation.com\\\/wp-content\\\/uploads\\\/2023\\\/05\\\/PROMAS-ANIMATION-HISTORIQUE-SAB-EN.jpg\",\"width\":1000,\"height\":1000},{\"@type\":\"BreadcrumbList\",\"@id\":\"https:\\\/\\\/promasanimation.com\\\/en\\\/produit\\\/otq-20-off-animated-historical-tour-sainte-anne-de-beaupre\\\/#breadcrumb\",\"itemListElement\":[{\"@type\":\"ListItem\",\"position\":1,\"name\":\"Accueil\",\"item\":\"https:\\\/\\\/promasanimation.com\\\/en\\\/\"},{\"@type\":\"ListItem\",\"position\":2,\"name\":\"Shop\",\"item\":\"https:\\\/\\\/promasanimation.com\\\/en\\\/shop\\\/\"},{\"@type\":\"ListItem\",\"position\":3,\"name\":\"OTQ 20% Off &#8211; Animated Historical Tour &#8211; Sainte-Anne-de-Beaupr\u00e9\"}]},{\"@type\":\"WebSite\",\"@id\":\"https:\\\/\\\/promasanimation.com\\\/#website\",\"url\":\"https:\\\/\\\/promasanimation.com\\\/\",\"name\":\"Promas - Service d'animation\",\"description\":\"\",\"publisher\":{\"@id\":\"https:\\\/\\\/promasanimation.com\\\/#organization\"},\"potentialAction\":[{\"@type\":\"SearchAction\",\"target\":{\"@type\":\"EntryPoint\",\"urlTemplate\":\"https:\\\/\\\/promasanimation.com\\\/?s={search_term_string}\"},\"query-input\":{\"@type\":\"PropertyValueSpecification\",\"valueRequired\":true,\"valueName\":\"search_term_string\"}}],\"inLanguage\":\"en-CA\"},{\"@type\":\"Organization\",\"@id\":\"https:\\\/\\\/promasanimation.com\\\/#organization\",\"name\":\"Promas - Service d'animation\",\"url\":\"https:\\\/\\\/promasanimation.com\\\/\",\"logo\":{\"@type\":\"ImageObject\",\"inLanguage\":\"en-CA\",\"@id\":\"https:\\\/\\\/promasanimation.com\\\/#\\\/schema\\\/logo\\\/image\\\/\",\"url\":\"https:\\\/\\\/promasanimation.com\\\/wp-content\\\/uploads\\\/2022\\\/01\\\/LOGO-PROMAS-SA-HORIZONTAL-RGB-01.png\",\"contentUrl\":\"https:\\\/\\\/promasanimation.com\\\/wp-content\\\/uploads\\\/2022\\\/01\\\/LOGO-PROMAS-SA-HORIZONTAL-RGB-01.png\",\"width\":326,\"height\":81,\"caption\":\"Promas - Service d'animation\"},\"image\":{\"@id\":\"https:\\\/\\\/promasanimation.com\\\/#\\\/schema\\\/logo\\\/image\\\/\"},\"sameAs\":[\"https:\\\/\\\/www.facebook.com\\\/Promasanimation\",\"https:\\\/\\\/www.instagram.com\\\/promasanimation\\\/?hl=fr\"]}]}<\/script>\n<!-- \/ Yoast SEO plugin. -->","yoast_head_json":{"title":"OTQ 20% Off - Animated Historical Tour - Sainte-Anne-de-Beaupr\u00e9 - Promas - Service d&#039;animation","description":"Animated guided tour Sainte-Anne-de-Beaupr\u00e9","robots":{"index":"index","follow":"follow","max-snippet":"max-snippet:-1","max-image-preview":"max-image-preview:large","max-video-preview":"max-video-preview:-1"},"canonical":"https:\/\/promasanimation.com\/en\/produit\/otq-20-off-animated-historical-tour-sainte-anne-de-beaupre\/","og_locale":"en_US","og_type":"article","og_title":"OTQ 20% Off - Animated Historical Tour - Sainte-Anne-de-Beaupr\u00e9 - Promas - Service d&#039;animation","og_description":"Animated guided tour Sainte-Anne-de-Beaupr\u00e9","og_url":"https:\/\/promasanimation.com\/en\/produit\/otq-20-off-animated-historical-tour-sainte-anne-de-beaupre\/","og_site_name":"Promas - Service d&#039;animation","article_publisher":"https:\/\/www.facebook.com\/Promasanimation","article_modified_time":"2025-04-25T18:16:05+00:00","og_image":[{"width":1000,"height":1000,"url":"https:\/\/promasanimation.com\/wp-content\/uploads\/2023\/05\/PROMAS-ANIMATION-HISTORIQUE-SAB-EN.jpg","type":"image\/jpeg"}],"twitter_card":"summary_large_image","twitter_misc":{"Est. reading time":"2 minutes"},"schema":{"@context":"https:\/\/schema.org","@graph":[{"@type":"WebPage","@id":"https:\/\/promasanimation.com\/en\/produit\/otq-20-off-animated-historical-tour-sainte-anne-de-beaupre\/","url":"https:\/\/promasanimation.com\/en\/produit\/otq-20-off-animated-historical-tour-sainte-anne-de-beaupre\/","name":"OTQ 20% Off - Animated Historical Tour - Sainte-Anne-de-Beaupr\u00e9 - Promas - Service d&#039;animation","isPartOf":{"@id":"https:\/\/promasanimation.com\/#website"},"primaryImageOfPage":{"@id":"https:\/\/promasanimation.com\/en\/produit\/otq-20-off-animated-historical-tour-sainte-anne-de-beaupre\/#primaryimage"},"image":{"@id":"https:\/\/promasanimation.com\/en\/produit\/otq-20-off-animated-historical-tour-sainte-anne-de-beaupre\/#primaryimage"},"thumbnailUrl":"https:\/\/promasanimation.com\/wp-content\/uploads\/2023\/05\/PROMAS-ANIMATION-HISTORIQUE-SAB-EN.jpg","datePublished":"2023-11-04T19:30:17+00:00","dateModified":"2025-04-25T18:16:05+00:00","description":"Animated guided tour Sainte-Anne-de-Beaupr\u00e9","breadcrumb":{"@id":"https:\/\/promasanimation.com\/en\/produit\/otq-20-off-animated-historical-tour-sainte-anne-de-beaupre\/#breadcrumb"},"inLanguage":"en-CA","potentialAction":[{"@type":"ReadAction","target":["https:\/\/promasanimation.com\/en\/produit\/otq-20-off-animated-historical-tour-sainte-anne-de-beaupre\/"]}]},{"@type":"ImageObject","inLanguage":"en-CA","@id":"https:\/\/promasanimation.com\/en\/produit\/otq-20-off-animated-historical-tour-sainte-anne-de-beaupre\/#primaryimage","url":"https:\/\/promasanimation.com\/wp-content\/uploads\/2023\/05\/PROMAS-ANIMATION-HISTORIQUE-SAB-EN.jpg","contentUrl":"https:\/\/promasanimation.com\/wp-content\/uploads\/2023\/05\/PROMAS-ANIMATION-HISTORIQUE-SAB-EN.jpg","width":1000,"height":1000},{"@type":"BreadcrumbList","@id":"https:\/\/promasanimation.com\/en\/produit\/otq-20-off-animated-historical-tour-sainte-anne-de-beaupre\/#breadcrumb","itemListElement":[{"@type":"ListItem","position":1,"name":"Accueil","item":"https:\/\/promasanimation.com\/en\/"},{"@type":"ListItem","position":2,"name":"Shop","item":"https:\/\/promasanimation.com\/en\/shop\/"},{"@type":"ListItem","position":3,"name":"OTQ 20% Off &#8211; Animated Historical Tour &#8211; Sainte-Anne-de-Beaupr\u00e9"}]},{"@type":"WebSite","@id":"https:\/\/promasanimation.com\/#website","url":"https:\/\/promasanimation.com\/","name":"Promas - Service d'animation","description":"","publisher":{"@id":"https:\/\/promasanimation.com\/#organization"},"potentialAction":[{"@type":"SearchAction","target":{"@type":"EntryPoint","urlTemplate":"https:\/\/promasanimation.com\/?s={search_term_string}"},"query-input":{"@type":"PropertyValueSpecification","valueRequired":true,"valueName":"search_term_string"}}],"inLanguage":"en-CA"},{"@type":"Organization","@id":"https:\/\/promasanimation.com\/#organization","name":"Promas - Service d'animation","url":"https:\/\/promasanimation.com\/","logo":{"@type":"ImageObject","inLanguage":"en-CA","@id":"https:\/\/promasanimation.com\/#\/schema\/logo\/image\/","url":"https:\/\/promasanimation.com\/wp-content\/uploads\/2022\/01\/LOGO-PROMAS-SA-HORIZONTAL-RGB-01.png","contentUrl":"https:\/\/promasanimation.com\/wp-content\/uploads\/2022\/01\/LOGO-PROMAS-SA-HORIZONTAL-RGB-01.png","width":326,"height":81,"caption":"Promas - Service d'animation"},"image":{"@id":"https:\/\/promasanimation.com\/#\/schema\/logo\/image\/"},"sameAs":["https:\/\/www.facebook.com\/Promasanimation","https:\/\/www.instagram.com\/promasanimation\/?hl=fr"]}]}},"_links":{"self":[{"href":"https:\/\/promasanimation.com\/en\/wp-json\/wp\/v2\/product\/8110","targetHints":{"allow":["GET"]}}],"collection":[{"href":"https:\/\/promasanimation.com\/en\/wp-json\/wp\/v2\/product"}],"about":[{"href":"https:\/\/promasanimation.com\/en\/wp-json\/wp\/v2\/types\/product"}],"wp:featuredmedia":[{"embeddable":true,"href":"https:\/\/promasanimation.com\/en\/wp-json\/wp\/v2\/media\/8135"}],"wp:attachment":[{"href":"https:\/\/promasanimation.com\/en\/wp-json\/wp\/v2\/media?parent=8110"}],"wp:term":[{"taxonomy":"product_brand","embeddable":true,"href":"https:\/\/promasanimation.com\/en\/wp-json\/wp\/v2\/product_brand?post=8110"},{"taxonomy":"product_cat","embeddable":true,"href":"https:\/\/promasanimation.com\/en\/wp-json\/wp\/v2\/product_cat?post=8110"},{"taxonomy":"product_tag","embeddable":true,"href":"https:\/\/promasanimation.com\/en\/wp-json\/wp\/v2\/product_tag?post=8110"},{"taxonomy":"les-promenades-fantomes","embeddable":true,"href":"https:\/\/promasanimation.com\/en\/wp-json\/wp\/v2\/les-promenades-fantomes?post=8110"},{"taxonomy":"promas-service","embeddable":true,"href":"https:\/\/promasanimation.com\/en\/wp-json\/wp\/v2\/promas-service?post=8110"}],"curies":[{"name":"wp","href":"https:\/\/api.w.org\/{rel}","templated":true}]}}