{"id":576960,"date":"2026-04-17T10:00:17","date_gmt":"2026-04-17T14:00:17","guid":{"rendered":"https:\/\/promasanimation.com\/?post_type=product&#038;p=576960"},"modified":"2026-04-17T10:25:18","modified_gmt":"2026-04-17T14:25:18","slug":"animated-guided-tour-death-in-new-france","status":"publish","type":"product","link":"https:\/\/promasanimation.com\/en\/produit\/animated-guided-tour-death-in-new-france\/","title":{"rendered":"Animated Guided Tour &#8211; Death in New France"},"content":{"rendered":"<p><b>Get ready to discover the true face of death in the 17th century!<\/b><\/p>\n<p><span style=\"font-weight: 400\">This new animated guided tour of New France plunges you into funeral rites, ancient cemeteries and approximate burials of the period through the gloomy tales of your highly (or almost) alive guide.<\/span><\/p>\n<p><span style=\"font-weight: 400\">What were the resting places in Old Quebec? How were the bodies of the criminals, the poor and the elite disposed of? What were the settlers&#8217; rites of passage? How was death viewed at the time?<\/span><\/p>\n<p><b>Come and uncover well-buried mortuary secrets during a morbid but oh-so-entertaining tour! <\/b><\/p>\n<div class=\"subsection\" data-v-5ce760f0=\"\" data-v-6e564eaf-s=\"\" data-test-id=\"activity-details-fields-what-is-included-display\"><\/div>\n<div data-v-5ce760f0=\"\" data-v-6e564eaf-s=\"\" data-test-id=\"activity-details-fields-what-is-included-display\">\n<p><em>*Departure is at 8:30 p.m. at <a href=\"https:\/\/www.google.com\/maps\/place\/Monument+Saint-Fran%C3%A7ois+de+Laval\/@46.8132375,-71.2054869,18z\/data=!4m15!1m8!3m7!1s0x4cb895ddb285b36b:0xd4152c7b5f570c52!2s3+Passage+du+Chien-d'Or,+Qu%C3%A9bec+City,+QC+G1R+3W9!3b1!8m2!3d46.8132908!4d-71.204874!16s%2Fg%2F11rg5xzt82!3m5!1s0x4cb895ddb16f4c29:0xd284f9e921cacf7b!8m2!3d46.813533!4d-71.2049755!16s%2Fg%2F11c0vwlb21?entry=ttu&amp;g_ep=EgoyMDI1MDgxOC4wIKXMDSoASAFQAw%3D%3D\">Saint-Fran\u00e7ois de Laval Monument\u00a0<\/a> located in front of the 3 Passage du Chien-d&#8217;Or, Qu\u00e9bec City, Quebec G1R 3Z8 and ends at 44 chauss\u00e9e des \u00c9cossais (Morrin Centre).<\/em><\/p>\n<p><em>**We would like to remind you that our walking tour is non-refundable and non-exchangeable. Our ghosts walk rain or shine. Please adapt your clothing to the weather, as the tour is outdoors only. <strong>YOU WILL NOT RECEIVE A TICKET BY MAIL.<\/strong><\/em><\/p>\n<p>&nbsp;<\/p>\n<\/div>\n<p><a href=\"https:\/\/promasanimation.com\/produit\/visite-animee-mort-en-nouvelle-france\"><strong>CLIQUEZ ICI POUR FRAN\u00c7AIS<\/strong><\/a><\/p>\n","protected":false},"excerpt":{"rendered":"<p>Get ready to discover the true face of death in the 17th century! This new animated guided tour of New France plunges you into funeral rites, ancient cemeteries and approximate burials of the period through the gloomy tales of your highly (or almost) alive guide. What were the resting places in Old Quebec? How were [&hellip;]<\/p>\n","protected":false},"featured_media":576963,"template":"","meta":{"_acf_changed":false},"product_brand":[],"product_cat":[74,100],"product_tag":[],"les-promenades-fantomes":[62],"promas-service":[66],"class_list":{"0":"post-576960","1":"product","2":"type-product","3":"status-publish","4":"has-post-thumbnail","6":"product_cat-animated-guided-tour","7":"product_cat-must-try","8":"les-promenades-fantomes-animated-guided-tour","9":"promas-service-promenades-fantomes-en","11":"first","12":"instock","13":"taxable","14":"shipping-taxable","15":"purchasable","16":"product-type-phive_booking"},"acf":[],"yoast_head":"<!-- This site is optimized with the Yoast SEO plugin v27.4 - https:\/\/yoast.com\/product\/yoast-seo-wordpress\/ -->\n<title>Animated Guided Tour - Death in New France - Promas - Service d&#039;animation<\/title>\n<meta name=\"description\" content=\"Get ready to discover the true face of death in the 17th century! Come and uncover well-buried mortuary secrets during a morbid but oh-so-entertaining tour!\" \/>\n<meta name=\"robots\" content=\"index, follow, max-snippet:-1, max-image-preview:large, max-video-preview:-1\" \/>\n<link rel=\"canonical\" href=\"https:\/\/promasanimation.com\/en\/produit\/animated-guided-tour-death-in-new-france\/\" \/>\n<meta property=\"og:locale\" content=\"en_US\" \/>\n<meta property=\"og:type\" content=\"article\" \/>\n<meta property=\"og:title\" content=\"Animated Guided Tour - Death in New France - Promas - Service d&#039;animation\" \/>\n<meta property=\"og:description\" content=\"Get ready to discover the true face of death in the 17th century! Come and uncover well-buried mortuary secrets during a morbid but oh-so-entertaining tour!\" \/>\n<meta property=\"og:url\" content=\"https:\/\/promasanimation.com\/en\/produit\/animated-guided-tour-death-in-new-france\/\" \/>\n<meta property=\"og:site_name\" content=\"Promas - Service d&#039;animation\" \/>\n<meta property=\"article:publisher\" content=\"https:\/\/www.facebook.com\/Promasanimation\" \/>\n<meta property=\"article:modified_time\" content=\"2026-04-17T14:25:18+00:00\" \/>\n<meta property=\"og:image\" content=\"https:\/\/promasanimation.com\/wp-content\/uploads\/2025\/06\/Mort-en-Nouvelle-France-Anglais.jpg\" \/>\n\t<meta property=\"og:image:width\" content=\"1000\" \/>\n\t<meta property=\"og:image:height\" content=\"1000\" \/>\n\t<meta property=\"og:image:type\" content=\"image\/jpeg\" \/>\n<meta name=\"twitter:card\" content=\"summary_large_image\" \/>\n<meta name=\"twitter:label1\" content=\"Est. reading time\" \/>\n\t<meta name=\"twitter:data1\" content=\"2 minutes\" \/>\n<script type=\"application\/ld+json\" class=\"yoast-schema-graph\">{\"@context\":\"https:\\\/\\\/schema.org\",\"@graph\":[{\"@type\":\"WebPage\",\"@id\":\"https:\\\/\\\/promasanimation.com\\\/en\\\/produit\\\/animated-guided-tour-death-in-new-france\\\/\",\"url\":\"https:\\\/\\\/promasanimation.com\\\/en\\\/produit\\\/animated-guided-tour-death-in-new-france\\\/\",\"name\":\"Animated Guided Tour - Death in New France - Promas - Service d&#039;animation\",\"isPartOf\":{\"@id\":\"https:\\\/\\\/promasanimation.com\\\/#website\"},\"primaryImageOfPage\":{\"@id\":\"https:\\\/\\\/promasanimation.com\\\/en\\\/produit\\\/animated-guided-tour-death-in-new-france\\\/#primaryimage\"},\"image\":{\"@id\":\"https:\\\/\\\/promasanimation.com\\\/en\\\/produit\\\/animated-guided-tour-death-in-new-france\\\/#primaryimage\"},\"thumbnailUrl\":\"https:\\\/\\\/promasanimation.com\\\/wp-content\\\/uploads\\\/2025\\\/06\\\/Mort-en-Nouvelle-France-Anglais.jpg\",\"datePublished\":\"2026-04-17T14:00:17+00:00\",\"dateModified\":\"2026-04-17T14:25:18+00:00\",\"description\":\"Get ready to discover the true face of death in the 17th century! Come and uncover well-buried mortuary secrets during a morbid but oh-so-entertaining tour!\",\"breadcrumb\":{\"@id\":\"https:\\\/\\\/promasanimation.com\\\/en\\\/produit\\\/animated-guided-tour-death-in-new-france\\\/#breadcrumb\"},\"inLanguage\":\"en-CA\",\"potentialAction\":[{\"@type\":\"ReadAction\",\"target\":[\"https:\\\/\\\/promasanimation.com\\\/en\\\/produit\\\/animated-guided-tour-death-in-new-france\\\/\"]}]},{\"@type\":\"ImageObject\",\"inLanguage\":\"en-CA\",\"@id\":\"https:\\\/\\\/promasanimation.com\\\/en\\\/produit\\\/animated-guided-tour-death-in-new-france\\\/#primaryimage\",\"url\":\"https:\\\/\\\/promasanimation.com\\\/wp-content\\\/uploads\\\/2025\\\/06\\\/Mort-en-Nouvelle-France-Anglais.jpg\",\"contentUrl\":\"https:\\\/\\\/promasanimation.com\\\/wp-content\\\/uploads\\\/2025\\\/06\\\/Mort-en-Nouvelle-France-Anglais.jpg\",\"width\":1000,\"height\":1000,\"caption\":\"Visual for the Animated Guided Tour ''Death in New France''\"},{\"@type\":\"BreadcrumbList\",\"@id\":\"https:\\\/\\\/promasanimation.com\\\/en\\\/produit\\\/animated-guided-tour-death-in-new-france\\\/#breadcrumb\",\"itemListElement\":[{\"@type\":\"ListItem\",\"position\":1,\"name\":\"Accueil\",\"item\":\"https:\\\/\\\/promasanimation.com\\\/en\\\/\"},{\"@type\":\"ListItem\",\"position\":2,\"name\":\"Shop\",\"item\":\"https:\\\/\\\/promasanimation.com\\\/en\\\/shop\\\/\"},{\"@type\":\"ListItem\",\"position\":3,\"name\":\"Animated Guided Tour &#8211; Death in New France\"}]},{\"@type\":\"WebSite\",\"@id\":\"https:\\\/\\\/promasanimation.com\\\/#website\",\"url\":\"https:\\\/\\\/promasanimation.com\\\/\",\"name\":\"Promas - Service d'animation\",\"description\":\"\",\"publisher\":{\"@id\":\"https:\\\/\\\/promasanimation.com\\\/#organization\"},\"potentialAction\":[{\"@type\":\"SearchAction\",\"target\":{\"@type\":\"EntryPoint\",\"urlTemplate\":\"https:\\\/\\\/promasanimation.com\\\/?s={search_term_string}\"},\"query-input\":{\"@type\":\"PropertyValueSpecification\",\"valueRequired\":true,\"valueName\":\"search_term_string\"}}],\"inLanguage\":\"en-CA\"},{\"@type\":\"Organization\",\"@id\":\"https:\\\/\\\/promasanimation.com\\\/#organization\",\"name\":\"Promas - Service d'animation\",\"url\":\"https:\\\/\\\/promasanimation.com\\\/\",\"logo\":{\"@type\":\"ImageObject\",\"inLanguage\":\"en-CA\",\"@id\":\"https:\\\/\\\/promasanimation.com\\\/#\\\/schema\\\/logo\\\/image\\\/\",\"url\":\"https:\\\/\\\/promasanimation.com\\\/wp-content\\\/uploads\\\/2022\\\/01\\\/LOGO-PROMAS-SA-HORIZONTAL-RGB-01.png\",\"contentUrl\":\"https:\\\/\\\/promasanimation.com\\\/wp-content\\\/uploads\\\/2022\\\/01\\\/LOGO-PROMAS-SA-HORIZONTAL-RGB-01.png\",\"width\":326,\"height\":81,\"caption\":\"Promas - Service d'animation\"},\"image\":{\"@id\":\"https:\\\/\\\/promasanimation.com\\\/#\\\/schema\\\/logo\\\/image\\\/\"},\"sameAs\":[\"https:\\\/\\\/www.facebook.com\\\/Promasanimation\",\"https:\\\/\\\/www.instagram.com\\\/promasanimation\\\/?hl=fr\"]}]}<\/script>\n<!-- \/ Yoast SEO plugin. -->","yoast_head_json":{"title":"Animated Guided Tour - Death in New France - Promas - Service d&#039;animation","description":"Get ready to discover the true face of death in the 17th century! Come and uncover well-buried mortuary secrets during a morbid but oh-so-entertaining tour!","robots":{"index":"index","follow":"follow","max-snippet":"max-snippet:-1","max-image-preview":"max-image-preview:large","max-video-preview":"max-video-preview:-1"},"canonical":"https:\/\/promasanimation.com\/en\/produit\/animated-guided-tour-death-in-new-france\/","og_locale":"en_US","og_type":"article","og_title":"Animated Guided Tour - Death in New France - Promas - Service d&#039;animation","og_description":"Get ready to discover the true face of death in the 17th century! Come and uncover well-buried mortuary secrets during a morbid but oh-so-entertaining tour!","og_url":"https:\/\/promasanimation.com\/en\/produit\/animated-guided-tour-death-in-new-france\/","og_site_name":"Promas - Service d&#039;animation","article_publisher":"https:\/\/www.facebook.com\/Promasanimation","article_modified_time":"2026-04-17T14:25:18+00:00","og_image":[{"width":1000,"height":1000,"url":"https:\/\/promasanimation.com\/wp-content\/uploads\/2025\/06\/Mort-en-Nouvelle-France-Anglais.jpg","type":"image\/jpeg"}],"twitter_card":"summary_large_image","twitter_misc":{"Est. reading time":"2 minutes"},"schema":{"@context":"https:\/\/schema.org","@graph":[{"@type":"WebPage","@id":"https:\/\/promasanimation.com\/en\/produit\/animated-guided-tour-death-in-new-france\/","url":"https:\/\/promasanimation.com\/en\/produit\/animated-guided-tour-death-in-new-france\/","name":"Animated Guided Tour - Death in New France - Promas - Service d&#039;animation","isPartOf":{"@id":"https:\/\/promasanimation.com\/#website"},"primaryImageOfPage":{"@id":"https:\/\/promasanimation.com\/en\/produit\/animated-guided-tour-death-in-new-france\/#primaryimage"},"image":{"@id":"https:\/\/promasanimation.com\/en\/produit\/animated-guided-tour-death-in-new-france\/#primaryimage"},"thumbnailUrl":"https:\/\/promasanimation.com\/wp-content\/uploads\/2025\/06\/Mort-en-Nouvelle-France-Anglais.jpg","datePublished":"2026-04-17T14:00:17+00:00","dateModified":"2026-04-17T14:25:18+00:00","description":"Get ready to discover the true face of death in the 17th century! Come and uncover well-buried mortuary secrets during a morbid but oh-so-entertaining tour!","breadcrumb":{"@id":"https:\/\/promasanimation.com\/en\/produit\/animated-guided-tour-death-in-new-france\/#breadcrumb"},"inLanguage":"en-CA","potentialAction":[{"@type":"ReadAction","target":["https:\/\/promasanimation.com\/en\/produit\/animated-guided-tour-death-in-new-france\/"]}]},{"@type":"ImageObject","inLanguage":"en-CA","@id":"https:\/\/promasanimation.com\/en\/produit\/animated-guided-tour-death-in-new-france\/#primaryimage","url":"https:\/\/promasanimation.com\/wp-content\/uploads\/2025\/06\/Mort-en-Nouvelle-France-Anglais.jpg","contentUrl":"https:\/\/promasanimation.com\/wp-content\/uploads\/2025\/06\/Mort-en-Nouvelle-France-Anglais.jpg","width":1000,"height":1000,"caption":"Visual for the Animated Guided Tour ''Death in New France''"},{"@type":"BreadcrumbList","@id":"https:\/\/promasanimation.com\/en\/produit\/animated-guided-tour-death-in-new-france\/#breadcrumb","itemListElement":[{"@type":"ListItem","position":1,"name":"Accueil","item":"https:\/\/promasanimation.com\/en\/"},{"@type":"ListItem","position":2,"name":"Shop","item":"https:\/\/promasanimation.com\/en\/shop\/"},{"@type":"ListItem","position":3,"name":"Animated Guided Tour &#8211; Death in New France"}]},{"@type":"WebSite","@id":"https:\/\/promasanimation.com\/#website","url":"https:\/\/promasanimation.com\/","name":"Promas - Service d'animation","description":"","publisher":{"@id":"https:\/\/promasanimation.com\/#organization"},"potentialAction":[{"@type":"SearchAction","target":{"@type":"EntryPoint","urlTemplate":"https:\/\/promasanimation.com\/?s={search_term_string}"},"query-input":{"@type":"PropertyValueSpecification","valueRequired":true,"valueName":"search_term_string"}}],"inLanguage":"en-CA"},{"@type":"Organization","@id":"https:\/\/promasanimation.com\/#organization","name":"Promas - Service d'animation","url":"https:\/\/promasanimation.com\/","logo":{"@type":"ImageObject","inLanguage":"en-CA","@id":"https:\/\/promasanimation.com\/#\/schema\/logo\/image\/","url":"https:\/\/promasanimation.com\/wp-content\/uploads\/2022\/01\/LOGO-PROMAS-SA-HORIZONTAL-RGB-01.png","contentUrl":"https:\/\/promasanimation.com\/wp-content\/uploads\/2022\/01\/LOGO-PROMAS-SA-HORIZONTAL-RGB-01.png","width":326,"height":81,"caption":"Promas - Service d'animation"},"image":{"@id":"https:\/\/promasanimation.com\/#\/schema\/logo\/image\/"},"sameAs":["https:\/\/www.facebook.com\/Promasanimation","https:\/\/www.instagram.com\/promasanimation\/?hl=fr"]}]}},"_links":{"self":[{"href":"https:\/\/promasanimation.com\/en\/wp-json\/wp\/v2\/product\/576960","targetHints":{"allow":["GET"]}}],"collection":[{"href":"https:\/\/promasanimation.com\/en\/wp-json\/wp\/v2\/product"}],"about":[{"href":"https:\/\/promasanimation.com\/en\/wp-json\/wp\/v2\/types\/product"}],"wp:featuredmedia":[{"embeddable":true,"href":"https:\/\/promasanimation.com\/en\/wp-json\/wp\/v2\/media\/576963"}],"wp:attachment":[{"href":"https:\/\/promasanimation.com\/en\/wp-json\/wp\/v2\/media?parent=576960"}],"wp:term":[{"taxonomy":"product_brand","embeddable":true,"href":"https:\/\/promasanimation.com\/en\/wp-json\/wp\/v2\/product_brand?post=576960"},{"taxonomy":"product_cat","embeddable":true,"href":"https:\/\/promasanimation.com\/en\/wp-json\/wp\/v2\/product_cat?post=576960"},{"taxonomy":"product_tag","embeddable":true,"href":"https:\/\/promasanimation.com\/en\/wp-json\/wp\/v2\/product_tag?post=576960"},{"taxonomy":"les-promenades-fantomes","embeddable":true,"href":"https:\/\/promasanimation.com\/en\/wp-json\/wp\/v2\/les-promenades-fantomes?post=576960"},{"taxonomy":"promas-service","embeddable":true,"href":"https:\/\/promasanimation.com\/en\/wp-json\/wp\/v2\/promas-service?post=576960"}],"curies":[{"name":"wp","href":"https:\/\/api.w.org\/{rel}","templated":true}]}}