{"id":571045,"date":"2023-11-04T16:45:39","date_gmt":"2023-11-04T20:45:39","guid":{"rendered":"https:\/\/promasanimation.com\/?post_type=product&#038;p=571045"},"modified":"2025-05-14T16:58:24","modified_gmt":"2025-05-14T20:58:24","slug":"package-navigator-ghost","status":"publish","type":"product","link":"https:\/\/promasanimation.com\/en\/produit\/package-navigator-ghost\/","title":{"rendered":"Package &#8211; Navigator Ghost"},"content":{"rendered":"<p><strong>Looking for a summer getaway that will take you back in time? We&#8217;ve got the perfect combo for you!<\/strong><\/p>\n<p><strong>This package includes:<\/strong><\/p>\n<ul>\n<li><strong>1 ticket for the <\/strong><em><strong>Crimes in New France <\/strong><\/em><strong>A<\/strong><strong>nimated Guided Tour <\/strong><\/li>\n<li><strong>1 place on one of Croisi\u00e8res AML&#8217;s guided cruises in Quebec City<\/strong><\/li>\n<\/ul>\n<p>&nbsp;<\/p>\n<p><b>ANIMATED GUIDED TOUR <em>CRIMES IN NEW FRANCE<\/em> <\/b><\/p>\n<p>How would you like to spend an evening in the company of the ghost of a famous New France criminal? Through the dark tales of a comedian, discover some of the most heinous crimes, arrests and executions committed centuries ago. As night falls, let the atmosphere of Old Quebec draw you in, and discover the sordid details of a story kept secret for too long. Will you dare?<\/p>\n<ul>\n<li>Departure in front of the Morrin Centre<\/li>\n<li>Arrival at Place Royale<\/li>\n<li>Duration approximately 90 minutes<\/li>\n<li>Walking tour<\/li>\n<li>Activity regardless of weather (bring appropriate clothing)<\/li>\n<li>Reservation of the tour at the time of transaction<\/li>\n<li>See the <a href=\"https:\/\/promasanimation.com\/en\/produit\/animated-guided-tour-crimes-in-new-france\/\">full description of this activity<\/a><\/li>\n<\/ul>\n<p>&nbsp;<\/p>\n<p><strong>QUEBEC CITY GUIDED CRUISE WITH CROISI\u00c8RES AML<\/strong><\/p>\n<div class=\"subsection\" data-v-5ce760f0=\"\" data-v-6e564eaf-s=\"\" data-test-id=\"activity-details-fields-description-display\">\n<div class=\"content-builder-markdown-view\" data-v-5ecb7dfc=\"\" data-v-5ce760f0=\"\" data-v-6e564eaf-s=\"\">\n<p>Discover Quebec City from the river and set sail for an unmissable guided cruise on the St. Lawrence! Navigate from Old Quebec to the Chute Montmorency, passing by \u00cele d&#8217;Orl\u00e9ans and enjoy a breathtaking view of the Ch\u00e2teau Frontenac. Learn more about North America&#8217;s only walled city with a guide, or relax on the outdoor terraces. Feeling hungry? Let yourself be tempted by the bistro menu, available at all times. This cruise is the perfect combination of nature and culture: sailing from Cap Diamant to Chute Montmorency, you&#8217;ll discover the history of the Capital, the river and its surroundings!<\/p>\n<\/div>\n<\/div>\n<ul>\n<li>Departure and arrival at Quai Chouinard<\/li>\n<li>Duration approximately 90 minutes<\/li>\n<li>Boarding 30 minutes before departure<\/li>\n<li>3 departures available: 11:30 a.m., 2 p.m. or 4 p.m.<\/li>\n<\/ul>\n<p>&nbsp;<\/p>\n<p><strong>PLEASE NOTE!<\/strong><\/p>\n<ul>\n<li>Both activities must be booked for the same day<\/li>\n<li>Reservations must be made <strong>at least<\/strong> 24 hours in advance<\/li>\n<li>We will contact you to book your cruise<\/li>\n<li>Contact us for tickets 9 years and under<\/li>\n<\/ul>\n<p>&nbsp;<\/p>\n<p><a href=\"https:\/\/promasanimation.com\/produit\/forfait-fantome-navigateur\/\"><strong>CLIQUEZ ICI POUR FRAN\u00c7AIS<\/strong><\/a><\/p>\n","protected":false},"excerpt":{"rendered":"<p>Looking for a summer getaway that will take you back in time? We&#8217;ve got the perfect combo for you! This package includes: 1 ticket for the Crimes in New France Animated Guided Tour 1 place on one of Croisi\u00e8res AML&#8217;s guided cruises in Quebec City &nbsp; ANIMATED GUIDED TOUR CRIMES IN NEW FRANCE How would [&hellip;]<\/p>\n","protected":false},"featured_media":571042,"template":"","meta":{"_acf_changed":false},"product_brand":[],"product_cat":[71,75],"product_tag":[],"les-promenades-fantomes":[60,59],"promas-service":[66],"class_list":{"0":"post-571045","1":"product","2":"type-product","3":"status-publish","4":"has-post-thumbnail","6":"product_cat-packages","7":"product_cat-promotions","8":"les-promenades-fantomes-forfaits-en","9":"les-promenades-fantomes-promotions-en","10":"promas-service-promenades-fantomes-en","12":"first","13":"instock","14":"taxable","15":"shipping-taxable","16":"purchasable","17":"product-type-phive_booking"},"acf":[],"yoast_head":"<!-- This site is optimized with the Yoast SEO plugin v27.3 - https:\/\/yoast.com\/product\/yoast-seo-wordpress\/ -->\n<title>Package - Navigator Ghost - Promas - Service d&#039;animation<\/title>\n<meta name=\"description\" content=\"The ideal combination for a summer getaway! This package includes 1 ticket for a guided tour and 1 place on one of AML&#039;s guided cruises.\" \/>\n<meta name=\"robots\" content=\"index, follow, max-snippet:-1, max-image-preview:large, max-video-preview:-1\" \/>\n<link rel=\"canonical\" href=\"https:\/\/promasanimation.com\/en\/produit\/package-navigator-ghost\/\" \/>\n<meta property=\"og:locale\" content=\"en_US\" \/>\n<meta property=\"og:type\" content=\"article\" \/>\n<meta property=\"og:title\" content=\"Package - Navigator Ghost - Promas - Service d&#039;animation\" \/>\n<meta property=\"og:description\" content=\"The ideal combination for a summer getaway! This package includes 1 ticket for a guided tour and 1 place on one of AML&#039;s guided cruises.\" \/>\n<meta property=\"og:url\" content=\"https:\/\/promasanimation.com\/en\/produit\/package-navigator-ghost\/\" \/>\n<meta property=\"og:site_name\" content=\"Promas - Service d&#039;animation\" \/>\n<meta property=\"article:publisher\" content=\"https:\/\/www.facebook.com\/Promasanimation\" \/>\n<meta property=\"article:modified_time\" content=\"2025-05-14T20:58:24+00:00\" \/>\n<meta property=\"og:image\" content=\"https:\/\/promasanimation.com\/wp-content\/uploads\/2024\/04\/Visuel-Fiche-produit.jpg\" \/>\n\t<meta property=\"og:image:width\" content=\"1000\" \/>\n\t<meta property=\"og:image:height\" content=\"1000\" \/>\n\t<meta property=\"og:image:type\" content=\"image\/jpeg\" \/>\n<meta name=\"twitter:card\" content=\"summary_large_image\" \/>\n<meta name=\"twitter:label1\" content=\"Est. reading time\" \/>\n\t<meta name=\"twitter:data1\" content=\"2 minutes\" \/>\n<script type=\"application\/ld+json\" class=\"yoast-schema-graph\">{\"@context\":\"https:\\\/\\\/schema.org\",\"@graph\":[{\"@type\":\"WebPage\",\"@id\":\"https:\\\/\\\/promasanimation.com\\\/en\\\/produit\\\/package-navigator-ghost\\\/\",\"url\":\"https:\\\/\\\/promasanimation.com\\\/en\\\/produit\\\/package-navigator-ghost\\\/\",\"name\":\"Package - Navigator Ghost - Promas - Service d&#039;animation\",\"isPartOf\":{\"@id\":\"https:\\\/\\\/promasanimation.com\\\/#website\"},\"primaryImageOfPage\":{\"@id\":\"https:\\\/\\\/promasanimation.com\\\/en\\\/produit\\\/package-navigator-ghost\\\/#primaryimage\"},\"image\":{\"@id\":\"https:\\\/\\\/promasanimation.com\\\/en\\\/produit\\\/package-navigator-ghost\\\/#primaryimage\"},\"thumbnailUrl\":\"https:\\\/\\\/promasanimation.com\\\/wp-content\\\/uploads\\\/2024\\\/04\\\/Visuel-Fiche-produit.jpg\",\"datePublished\":\"2023-11-04T20:45:39+00:00\",\"dateModified\":\"2025-05-14T20:58:24+00:00\",\"description\":\"The ideal combination for a summer getaway! This package includes 1 ticket for a guided tour and 1 place on one of AML's guided cruises.\",\"breadcrumb\":{\"@id\":\"https:\\\/\\\/promasanimation.com\\\/en\\\/produit\\\/package-navigator-ghost\\\/#breadcrumb\"},\"inLanguage\":\"en-CA\",\"potentialAction\":[{\"@type\":\"ReadAction\",\"target\":[\"https:\\\/\\\/promasanimation.com\\\/en\\\/produit\\\/package-navigator-ghost\\\/\"]}]},{\"@type\":\"ImageObject\",\"inLanguage\":\"en-CA\",\"@id\":\"https:\\\/\\\/promasanimation.com\\\/en\\\/produit\\\/package-navigator-ghost\\\/#primaryimage\",\"url\":\"https:\\\/\\\/promasanimation.com\\\/wp-content\\\/uploads\\\/2024\\\/04\\\/Visuel-Fiche-produit.jpg\",\"contentUrl\":\"https:\\\/\\\/promasanimation.com\\\/wp-content\\\/uploads\\\/2024\\\/04\\\/Visuel-Fiche-produit.jpg\",\"width\":1000,\"height\":1000},{\"@type\":\"BreadcrumbList\",\"@id\":\"https:\\\/\\\/promasanimation.com\\\/en\\\/produit\\\/package-navigator-ghost\\\/#breadcrumb\",\"itemListElement\":[{\"@type\":\"ListItem\",\"position\":1,\"name\":\"Accueil\",\"item\":\"https:\\\/\\\/promasanimation.com\\\/en\\\/\"},{\"@type\":\"ListItem\",\"position\":2,\"name\":\"Shop\",\"item\":\"https:\\\/\\\/promasanimation.com\\\/en\\\/shop\\\/\"},{\"@type\":\"ListItem\",\"position\":3,\"name\":\"Package &#8211; Navigator Ghost\"}]},{\"@type\":\"WebSite\",\"@id\":\"https:\\\/\\\/promasanimation.com\\\/#website\",\"url\":\"https:\\\/\\\/promasanimation.com\\\/\",\"name\":\"Promas - Service d'animation\",\"description\":\"\",\"publisher\":{\"@id\":\"https:\\\/\\\/promasanimation.com\\\/#organization\"},\"potentialAction\":[{\"@type\":\"SearchAction\",\"target\":{\"@type\":\"EntryPoint\",\"urlTemplate\":\"https:\\\/\\\/promasanimation.com\\\/?s={search_term_string}\"},\"query-input\":{\"@type\":\"PropertyValueSpecification\",\"valueRequired\":true,\"valueName\":\"search_term_string\"}}],\"inLanguage\":\"en-CA\"},{\"@type\":\"Organization\",\"@id\":\"https:\\\/\\\/promasanimation.com\\\/#organization\",\"name\":\"Promas - Service d'animation\",\"url\":\"https:\\\/\\\/promasanimation.com\\\/\",\"logo\":{\"@type\":\"ImageObject\",\"inLanguage\":\"en-CA\",\"@id\":\"https:\\\/\\\/promasanimation.com\\\/#\\\/schema\\\/logo\\\/image\\\/\",\"url\":\"https:\\\/\\\/promasanimation.com\\\/wp-content\\\/uploads\\\/2022\\\/01\\\/LOGO-PROMAS-SA-HORIZONTAL-RGB-01.png\",\"contentUrl\":\"https:\\\/\\\/promasanimation.com\\\/wp-content\\\/uploads\\\/2022\\\/01\\\/LOGO-PROMAS-SA-HORIZONTAL-RGB-01.png\",\"width\":326,\"height\":81,\"caption\":\"Promas - Service d'animation\"},\"image\":{\"@id\":\"https:\\\/\\\/promasanimation.com\\\/#\\\/schema\\\/logo\\\/image\\\/\"},\"sameAs\":[\"https:\\\/\\\/www.facebook.com\\\/Promasanimation\",\"https:\\\/\\\/www.instagram.com\\\/promasanimation\\\/?hl=fr\"]}]}<\/script>\n<!-- \/ Yoast SEO plugin. -->","yoast_head_json":{"title":"Package - Navigator Ghost - Promas - Service d&#039;animation","description":"The ideal combination for a summer getaway! This package includes 1 ticket for a guided tour and 1 place on one of AML's guided cruises.","robots":{"index":"index","follow":"follow","max-snippet":"max-snippet:-1","max-image-preview":"max-image-preview:large","max-video-preview":"max-video-preview:-1"},"canonical":"https:\/\/promasanimation.com\/en\/produit\/package-navigator-ghost\/","og_locale":"en_US","og_type":"article","og_title":"Package - Navigator Ghost - Promas - Service d&#039;animation","og_description":"The ideal combination for a summer getaway! This package includes 1 ticket for a guided tour and 1 place on one of AML's guided cruises.","og_url":"https:\/\/promasanimation.com\/en\/produit\/package-navigator-ghost\/","og_site_name":"Promas - Service d&#039;animation","article_publisher":"https:\/\/www.facebook.com\/Promasanimation","article_modified_time":"2025-05-14T20:58:24+00:00","og_image":[{"width":1000,"height":1000,"url":"https:\/\/promasanimation.com\/wp-content\/uploads\/2024\/04\/Visuel-Fiche-produit.jpg","type":"image\/jpeg"}],"twitter_card":"summary_large_image","twitter_misc":{"Est. reading time":"2 minutes"},"schema":{"@context":"https:\/\/schema.org","@graph":[{"@type":"WebPage","@id":"https:\/\/promasanimation.com\/en\/produit\/package-navigator-ghost\/","url":"https:\/\/promasanimation.com\/en\/produit\/package-navigator-ghost\/","name":"Package - Navigator Ghost - Promas - Service d&#039;animation","isPartOf":{"@id":"https:\/\/promasanimation.com\/#website"},"primaryImageOfPage":{"@id":"https:\/\/promasanimation.com\/en\/produit\/package-navigator-ghost\/#primaryimage"},"image":{"@id":"https:\/\/promasanimation.com\/en\/produit\/package-navigator-ghost\/#primaryimage"},"thumbnailUrl":"https:\/\/promasanimation.com\/wp-content\/uploads\/2024\/04\/Visuel-Fiche-produit.jpg","datePublished":"2023-11-04T20:45:39+00:00","dateModified":"2025-05-14T20:58:24+00:00","description":"The ideal combination for a summer getaway! This package includes 1 ticket for a guided tour and 1 place on one of AML's guided cruises.","breadcrumb":{"@id":"https:\/\/promasanimation.com\/en\/produit\/package-navigator-ghost\/#breadcrumb"},"inLanguage":"en-CA","potentialAction":[{"@type":"ReadAction","target":["https:\/\/promasanimation.com\/en\/produit\/package-navigator-ghost\/"]}]},{"@type":"ImageObject","inLanguage":"en-CA","@id":"https:\/\/promasanimation.com\/en\/produit\/package-navigator-ghost\/#primaryimage","url":"https:\/\/promasanimation.com\/wp-content\/uploads\/2024\/04\/Visuel-Fiche-produit.jpg","contentUrl":"https:\/\/promasanimation.com\/wp-content\/uploads\/2024\/04\/Visuel-Fiche-produit.jpg","width":1000,"height":1000},{"@type":"BreadcrumbList","@id":"https:\/\/promasanimation.com\/en\/produit\/package-navigator-ghost\/#breadcrumb","itemListElement":[{"@type":"ListItem","position":1,"name":"Accueil","item":"https:\/\/promasanimation.com\/en\/"},{"@type":"ListItem","position":2,"name":"Shop","item":"https:\/\/promasanimation.com\/en\/shop\/"},{"@type":"ListItem","position":3,"name":"Package &#8211; Navigator Ghost"}]},{"@type":"WebSite","@id":"https:\/\/promasanimation.com\/#website","url":"https:\/\/promasanimation.com\/","name":"Promas - Service d'animation","description":"","publisher":{"@id":"https:\/\/promasanimation.com\/#organization"},"potentialAction":[{"@type":"SearchAction","target":{"@type":"EntryPoint","urlTemplate":"https:\/\/promasanimation.com\/?s={search_term_string}"},"query-input":{"@type":"PropertyValueSpecification","valueRequired":true,"valueName":"search_term_string"}}],"inLanguage":"en-CA"},{"@type":"Organization","@id":"https:\/\/promasanimation.com\/#organization","name":"Promas - Service d'animation","url":"https:\/\/promasanimation.com\/","logo":{"@type":"ImageObject","inLanguage":"en-CA","@id":"https:\/\/promasanimation.com\/#\/schema\/logo\/image\/","url":"https:\/\/promasanimation.com\/wp-content\/uploads\/2022\/01\/LOGO-PROMAS-SA-HORIZONTAL-RGB-01.png","contentUrl":"https:\/\/promasanimation.com\/wp-content\/uploads\/2022\/01\/LOGO-PROMAS-SA-HORIZONTAL-RGB-01.png","width":326,"height":81,"caption":"Promas - Service d'animation"},"image":{"@id":"https:\/\/promasanimation.com\/#\/schema\/logo\/image\/"},"sameAs":["https:\/\/www.facebook.com\/Promasanimation","https:\/\/www.instagram.com\/promasanimation\/?hl=fr"]}]}},"_links":{"self":[{"href":"https:\/\/promasanimation.com\/en\/wp-json\/wp\/v2\/product\/571045","targetHints":{"allow":["GET"]}}],"collection":[{"href":"https:\/\/promasanimation.com\/en\/wp-json\/wp\/v2\/product"}],"about":[{"href":"https:\/\/promasanimation.com\/en\/wp-json\/wp\/v2\/types\/product"}],"wp:featuredmedia":[{"embeddable":true,"href":"https:\/\/promasanimation.com\/en\/wp-json\/wp\/v2\/media\/571042"}],"wp:attachment":[{"href":"https:\/\/promasanimation.com\/en\/wp-json\/wp\/v2\/media?parent=571045"}],"wp:term":[{"taxonomy":"product_brand","embeddable":true,"href":"https:\/\/promasanimation.com\/en\/wp-json\/wp\/v2\/product_brand?post=571045"},{"taxonomy":"product_cat","embeddable":true,"href":"https:\/\/promasanimation.com\/en\/wp-json\/wp\/v2\/product_cat?post=571045"},{"taxonomy":"product_tag","embeddable":true,"href":"https:\/\/promasanimation.com\/en\/wp-json\/wp\/v2\/product_tag?post=571045"},{"taxonomy":"les-promenades-fantomes","embeddable":true,"href":"https:\/\/promasanimation.com\/en\/wp-json\/wp\/v2\/les-promenades-fantomes?post=571045"},{"taxonomy":"promas-service","embeddable":true,"href":"https:\/\/promasanimation.com\/en\/wp-json\/wp\/v2\/promas-service?post=571045"}],"curies":[{"name":"wp","href":"https:\/\/api.w.org\/{rel}","templated":true}]}}