{"id":571044,"date":"2023-11-04T16:10:53","date_gmt":"2023-11-04T20:10:53","guid":{"rendered":"https:\/\/promasanimation.com\/?post_type=product&#038;p=571044"},"modified":"2025-04-25T13:43:02","modified_gmt":"2025-04-25T17:43:02","slug":"package-a-day-at-sainte-anne-de-beaupre","status":"publish","type":"product","link":"https:\/\/promasanimation.com\/en\/produit\/package-a-day-at-sainte-anne-de-beaupre\/","title":{"rendered":"Package &#8211; A Day at Sainte-Anne-de-Beaupr\u00e9"},"content":{"rendered":"<p><strong>Here&#8217;s the perfect opportunity to enjoy a day of activities in Sainte-Anne-de-Beaupr\u00e9 this summer!<\/strong><\/p>\n<p><strong>This package includes:<\/strong><\/p>\n<ul>\n<li><strong>1 ticket for the <\/strong><em><strong>Animated Historical Tour of Sainte-Anne-de-Beaupr\u00e9<\/strong><\/em><\/li>\n<li><strong>1 admission to Canyon Sainte-Anne<\/strong><\/li>\n<\/ul>\n<p>&nbsp;<\/p>\n<p><strong>ANIMATED HISTORICAL TOUR OF SAINTE-ANNE-DE-BEAUPR\u00c9<\/strong><\/p>\n<div data-track=\"overview\" data-v-617014bd=\"\">\n<section id=\"activity-overview\" class=\"activity-overview\" data-component=\"overview\" data-v-617014bd=\"\" data-v-5726f79d=\"\">Immerse yourself in the colonial era with our Animated Historical Tour of Sainte-Anne-de-Beaupr\u00e9! Discover the town&#8217;s attractions in a new light with your guide, coming straight from New France. See many of the features that have shaped the C\u00f4te de Beaupr\u00e9 landscape, including the new wharf, the commemorative chapel, a replica of Michelangelo&#8217;s Piet\u00e0, the first cemetery, the basilica and the Cyclorama de J\u00e9rusalem. Plus, you&#8217;ll have the chance to enter the basilica along the way! For about 75 minutes, a costumed and passionate comedian will take you through the city&#8217;s different neighborhoods, recounting them from a historical perspective. With humor and passion, he depicts the events of the past, from the settlement of pioneers on C\u00f4te de Beaupr\u00e9 to the rehabilitation of the town&#8217;s wharf. Sainte-Anne-de-Beaupr\u00e9 is a story to discover!<\/section>\n<\/div>\n<ul>\n<li>Departure next to the Quai de Sainte-Anne-de-Beaupr\u00e9 ticket office<\/li>\n<li>Arrival in front of the Cyclorama de J\u00e9rusalem<\/li>\n<li>Duration approximately 75 minutes<\/li>\n<li>Walking tour<\/li>\n<li>Activity to be held whatever the weather (bring appropriate clothing)<\/li>\n<li>Reservation of tour at time of transaction<\/li>\n<li>See the <a href=\"https:\/\/promasanimation.com\/en\/produit\/animated-historical-tour-sainte-anne-de-beaupre\/\">full description of this activity<\/a><\/li>\n<\/ul>\n<p>&nbsp;<\/p>\n<p><strong>CANYON SAINTE-ANNE<\/strong><\/p>\n<p>A real canyon in Quebec City: naturally stunning! Canyon Sainte-Anne is located in the heart of Quebec&#8217;s mountains and forests, just 35 minutes from Old Quebec. With family or friends, experience a 2 km hike along the rock walls of a veritable canyon carved out of the Canadian Shield over a billion years ago. From the summit to the foot of the abyss, you&#8217;ll cross a waterfall (74 m), higher than the Niagara Falls, on marked trails and 3 hanging bridges, one of which is 60 m high. Enjoy 8 observation lookouts strategically integrated into the rocks, offering breathtaking views of the canyon, the waterfall and the Sainte-Anne de Montmorency river.<\/p>\n<ul>\n<li>Present your receipt for this package at Canyon Sainte-Anne to obtain admission<\/li>\n<li>No reservation required<\/li>\n<li>Additional services: information panels translated into 6 languages, restaurant, terrace, boutique, picnic areas, children&#8217;s playground, free parking, wheelchair-accessible trails, shuttle service<\/li>\n<li>See the <a href=\"https:\/\/canyonsa.qc.ca\/en\/\">full description of this activity<\/a><\/li>\n<\/ul>\n<p>&nbsp;<\/p>\n<p><strong>PLEASE NOTE! <\/strong>You don&#8217;t have to do both activities on the same day. Access to the canyon is valid for the whole summer.<\/p>\n<p>&nbsp;<\/p>\n<p><a href=\"https:\/\/promasanimation.com\/produit\/forfait-une-journee-a-sainte-anne-de-beaupre\/\"><strong>CLIQUEZ ICI POUR FRAN\u00c7AIS<\/strong><\/a><\/p>\n","protected":false},"excerpt":{"rendered":"<p>Here&#8217;s the perfect opportunity to enjoy a day of activities in Sainte-Anne-de-Beaupr\u00e9 this summer! This package includes: 1 ticket for the Animated Historical Tour of Sainte-Anne-de-Beaupr\u00e9 1 admission to Canyon Sainte-Anne &nbsp; ANIMATED HISTORICAL TOUR OF SAINTE-ANNE-DE-BEAUPR\u00c9 Immerse yourself in the colonial era with our Animated Historical Tour of Sainte-Anne-de-Beaupr\u00e9! Discover the town&#8217;s attractions in [&hellip;]<\/p>\n","protected":false},"featured_media":571003,"template":"","meta":{"_acf_changed":false},"product_brand":[],"product_cat":[71,75],"product_tag":[],"les-promenades-fantomes":[60,59],"promas-service":[64],"class_list":{"0":"post-571044","1":"product","2":"type-product","3":"status-publish","4":"has-post-thumbnail","6":"product_cat-packages","7":"product_cat-promotions","8":"les-promenades-fantomes-forfaits-en","9":"les-promenades-fantomes-promotions-en","10":"promas-service-historical-animation","12":"first","13":"instock","14":"taxable","15":"shipping-taxable","16":"purchasable","17":"product-type-phive_booking"},"acf":[],"yoast_head":"<!-- This site is optimized with the Yoast SEO plugin v27.3 - https:\/\/yoast.com\/product\/yoast-seo-wordpress\/ -->\n<title>Package - A Day at Sainte-Anne-de-Beaupr\u00e9 - Promas - Service d&#039;animation<\/title>\n<meta name=\"description\" content=\"Enjoy a day of activities at Sainte-Anne-de-Beaupr\u00e9! This package includes 1 ticket for the Animated Historical Tour and 1 admission to Canyon Sainte-Anne.\" \/>\n<meta name=\"robots\" content=\"index, follow, max-snippet:-1, max-image-preview:large, max-video-preview:-1\" \/>\n<link rel=\"canonical\" href=\"https:\/\/promasanimation.com\/en\/produit\/package-a-day-at-sainte-anne-de-beaupre\/\" \/>\n<meta property=\"og:locale\" content=\"en_US\" \/>\n<meta property=\"og:type\" content=\"article\" \/>\n<meta property=\"og:title\" content=\"Package - A Day at Sainte-Anne-de-Beaupr\u00e9 - Promas - Service d&#039;animation\" \/>\n<meta property=\"og:description\" content=\"Enjoy a day of activities at Sainte-Anne-de-Beaupr\u00e9! This package includes 1 ticket for the Animated Historical Tour and 1 admission to Canyon Sainte-Anne.\" \/>\n<meta property=\"og:url\" content=\"https:\/\/promasanimation.com\/en\/produit\/package-a-day-at-sainte-anne-de-beaupre\/\" \/>\n<meta property=\"og:site_name\" content=\"Promas - Service d&#039;animation\" \/>\n<meta property=\"article:publisher\" content=\"https:\/\/www.facebook.com\/Promasanimation\" \/>\n<meta property=\"article:modified_time\" content=\"2025-04-25T17:43:02+00:00\" \/>\n<meta property=\"og:image\" content=\"https:\/\/promasanimation.com\/wp-content\/uploads\/2024\/04\/Fiche-forfait-Promas.jpg\" \/>\n\t<meta property=\"og:image:width\" content=\"1000\" \/>\n\t<meta property=\"og:image:height\" content=\"1000\" \/>\n\t<meta property=\"og:image:type\" content=\"image\/jpeg\" \/>\n<meta name=\"twitter:card\" content=\"summary_large_image\" \/>\n<meta name=\"twitter:label1\" content=\"Est. reading time\" \/>\n\t<meta name=\"twitter:data1\" content=\"3 minutes\" \/>\n<script type=\"application\/ld+json\" class=\"yoast-schema-graph\">{\"@context\":\"https:\\\/\\\/schema.org\",\"@graph\":[{\"@type\":\"WebPage\",\"@id\":\"https:\\\/\\\/promasanimation.com\\\/en\\\/produit\\\/package-a-day-at-sainte-anne-de-beaupre\\\/\",\"url\":\"https:\\\/\\\/promasanimation.com\\\/en\\\/produit\\\/package-a-day-at-sainte-anne-de-beaupre\\\/\",\"name\":\"Package - A Day at Sainte-Anne-de-Beaupr\u00e9 - Promas - Service d&#039;animation\",\"isPartOf\":{\"@id\":\"https:\\\/\\\/promasanimation.com\\\/#website\"},\"primaryImageOfPage\":{\"@id\":\"https:\\\/\\\/promasanimation.com\\\/en\\\/produit\\\/package-a-day-at-sainte-anne-de-beaupre\\\/#primaryimage\"},\"image\":{\"@id\":\"https:\\\/\\\/promasanimation.com\\\/en\\\/produit\\\/package-a-day-at-sainte-anne-de-beaupre\\\/#primaryimage\"},\"thumbnailUrl\":\"https:\\\/\\\/promasanimation.com\\\/wp-content\\\/uploads\\\/2024\\\/04\\\/Fiche-forfait-Promas.jpg\",\"datePublished\":\"2023-11-04T20:10:53+00:00\",\"dateModified\":\"2025-04-25T17:43:02+00:00\",\"description\":\"Enjoy a day of activities at Sainte-Anne-de-Beaupr\u00e9! This package includes 1 ticket for the Animated Historical Tour and 1 admission to Canyon Sainte-Anne.\",\"breadcrumb\":{\"@id\":\"https:\\\/\\\/promasanimation.com\\\/en\\\/produit\\\/package-a-day-at-sainte-anne-de-beaupre\\\/#breadcrumb\"},\"inLanguage\":\"en-CA\",\"potentialAction\":[{\"@type\":\"ReadAction\",\"target\":[\"https:\\\/\\\/promasanimation.com\\\/en\\\/produit\\\/package-a-day-at-sainte-anne-de-beaupre\\\/\"]}]},{\"@type\":\"ImageObject\",\"inLanguage\":\"en-CA\",\"@id\":\"https:\\\/\\\/promasanimation.com\\\/en\\\/produit\\\/package-a-day-at-sainte-anne-de-beaupre\\\/#primaryimage\",\"url\":\"https:\\\/\\\/promasanimation.com\\\/wp-content\\\/uploads\\\/2024\\\/04\\\/Fiche-forfait-Promas.jpg\",\"contentUrl\":\"https:\\\/\\\/promasanimation.com\\\/wp-content\\\/uploads\\\/2024\\\/04\\\/Fiche-forfait-Promas.jpg\",\"width\":1000,\"height\":1000},{\"@type\":\"BreadcrumbList\",\"@id\":\"https:\\\/\\\/promasanimation.com\\\/en\\\/produit\\\/package-a-day-at-sainte-anne-de-beaupre\\\/#breadcrumb\",\"itemListElement\":[{\"@type\":\"ListItem\",\"position\":1,\"name\":\"Accueil\",\"item\":\"https:\\\/\\\/promasanimation.com\\\/en\\\/\"},{\"@type\":\"ListItem\",\"position\":2,\"name\":\"Shop\",\"item\":\"https:\\\/\\\/promasanimation.com\\\/en\\\/shop\\\/\"},{\"@type\":\"ListItem\",\"position\":3,\"name\":\"Package &#8211; A Day at Sainte-Anne-de-Beaupr\u00e9\"}]},{\"@type\":\"WebSite\",\"@id\":\"https:\\\/\\\/promasanimation.com\\\/#website\",\"url\":\"https:\\\/\\\/promasanimation.com\\\/\",\"name\":\"Promas - Service d'animation\",\"description\":\"\",\"publisher\":{\"@id\":\"https:\\\/\\\/promasanimation.com\\\/#organization\"},\"potentialAction\":[{\"@type\":\"SearchAction\",\"target\":{\"@type\":\"EntryPoint\",\"urlTemplate\":\"https:\\\/\\\/promasanimation.com\\\/?s={search_term_string}\"},\"query-input\":{\"@type\":\"PropertyValueSpecification\",\"valueRequired\":true,\"valueName\":\"search_term_string\"}}],\"inLanguage\":\"en-CA\"},{\"@type\":\"Organization\",\"@id\":\"https:\\\/\\\/promasanimation.com\\\/#organization\",\"name\":\"Promas - Service d'animation\",\"url\":\"https:\\\/\\\/promasanimation.com\\\/\",\"logo\":{\"@type\":\"ImageObject\",\"inLanguage\":\"en-CA\",\"@id\":\"https:\\\/\\\/promasanimation.com\\\/#\\\/schema\\\/logo\\\/image\\\/\",\"url\":\"https:\\\/\\\/promasanimation.com\\\/wp-content\\\/uploads\\\/2022\\\/01\\\/LOGO-PROMAS-SA-HORIZONTAL-RGB-01.png\",\"contentUrl\":\"https:\\\/\\\/promasanimation.com\\\/wp-content\\\/uploads\\\/2022\\\/01\\\/LOGO-PROMAS-SA-HORIZONTAL-RGB-01.png\",\"width\":326,\"height\":81,\"caption\":\"Promas - Service d'animation\"},\"image\":{\"@id\":\"https:\\\/\\\/promasanimation.com\\\/#\\\/schema\\\/logo\\\/image\\\/\"},\"sameAs\":[\"https:\\\/\\\/www.facebook.com\\\/Promasanimation\",\"https:\\\/\\\/www.instagram.com\\\/promasanimation\\\/?hl=fr\"]}]}<\/script>\n<!-- \/ Yoast SEO plugin. -->","yoast_head_json":{"title":"Package - A Day at Sainte-Anne-de-Beaupr\u00e9 - Promas - Service d&#039;animation","description":"Enjoy a day of activities at Sainte-Anne-de-Beaupr\u00e9! This package includes 1 ticket for the Animated Historical Tour and 1 admission to Canyon Sainte-Anne.","robots":{"index":"index","follow":"follow","max-snippet":"max-snippet:-1","max-image-preview":"max-image-preview:large","max-video-preview":"max-video-preview:-1"},"canonical":"https:\/\/promasanimation.com\/en\/produit\/package-a-day-at-sainte-anne-de-beaupre\/","og_locale":"en_US","og_type":"article","og_title":"Package - A Day at Sainte-Anne-de-Beaupr\u00e9 - Promas - Service d&#039;animation","og_description":"Enjoy a day of activities at Sainte-Anne-de-Beaupr\u00e9! This package includes 1 ticket for the Animated Historical Tour and 1 admission to Canyon Sainte-Anne.","og_url":"https:\/\/promasanimation.com\/en\/produit\/package-a-day-at-sainte-anne-de-beaupre\/","og_site_name":"Promas - Service d&#039;animation","article_publisher":"https:\/\/www.facebook.com\/Promasanimation","article_modified_time":"2025-04-25T17:43:02+00:00","og_image":[{"width":1000,"height":1000,"url":"https:\/\/promasanimation.com\/wp-content\/uploads\/2024\/04\/Fiche-forfait-Promas.jpg","type":"image\/jpeg"}],"twitter_card":"summary_large_image","twitter_misc":{"Est. reading time":"3 minutes"},"schema":{"@context":"https:\/\/schema.org","@graph":[{"@type":"WebPage","@id":"https:\/\/promasanimation.com\/en\/produit\/package-a-day-at-sainte-anne-de-beaupre\/","url":"https:\/\/promasanimation.com\/en\/produit\/package-a-day-at-sainte-anne-de-beaupre\/","name":"Package - A Day at Sainte-Anne-de-Beaupr\u00e9 - Promas - Service d&#039;animation","isPartOf":{"@id":"https:\/\/promasanimation.com\/#website"},"primaryImageOfPage":{"@id":"https:\/\/promasanimation.com\/en\/produit\/package-a-day-at-sainte-anne-de-beaupre\/#primaryimage"},"image":{"@id":"https:\/\/promasanimation.com\/en\/produit\/package-a-day-at-sainte-anne-de-beaupre\/#primaryimage"},"thumbnailUrl":"https:\/\/promasanimation.com\/wp-content\/uploads\/2024\/04\/Fiche-forfait-Promas.jpg","datePublished":"2023-11-04T20:10:53+00:00","dateModified":"2025-04-25T17:43:02+00:00","description":"Enjoy a day of activities at Sainte-Anne-de-Beaupr\u00e9! This package includes 1 ticket for the Animated Historical Tour and 1 admission to Canyon Sainte-Anne.","breadcrumb":{"@id":"https:\/\/promasanimation.com\/en\/produit\/package-a-day-at-sainte-anne-de-beaupre\/#breadcrumb"},"inLanguage":"en-CA","potentialAction":[{"@type":"ReadAction","target":["https:\/\/promasanimation.com\/en\/produit\/package-a-day-at-sainte-anne-de-beaupre\/"]}]},{"@type":"ImageObject","inLanguage":"en-CA","@id":"https:\/\/promasanimation.com\/en\/produit\/package-a-day-at-sainte-anne-de-beaupre\/#primaryimage","url":"https:\/\/promasanimation.com\/wp-content\/uploads\/2024\/04\/Fiche-forfait-Promas.jpg","contentUrl":"https:\/\/promasanimation.com\/wp-content\/uploads\/2024\/04\/Fiche-forfait-Promas.jpg","width":1000,"height":1000},{"@type":"BreadcrumbList","@id":"https:\/\/promasanimation.com\/en\/produit\/package-a-day-at-sainte-anne-de-beaupre\/#breadcrumb","itemListElement":[{"@type":"ListItem","position":1,"name":"Accueil","item":"https:\/\/promasanimation.com\/en\/"},{"@type":"ListItem","position":2,"name":"Shop","item":"https:\/\/promasanimation.com\/en\/shop\/"},{"@type":"ListItem","position":3,"name":"Package &#8211; A Day at Sainte-Anne-de-Beaupr\u00e9"}]},{"@type":"WebSite","@id":"https:\/\/promasanimation.com\/#website","url":"https:\/\/promasanimation.com\/","name":"Promas - Service d'animation","description":"","publisher":{"@id":"https:\/\/promasanimation.com\/#organization"},"potentialAction":[{"@type":"SearchAction","target":{"@type":"EntryPoint","urlTemplate":"https:\/\/promasanimation.com\/?s={search_term_string}"},"query-input":{"@type":"PropertyValueSpecification","valueRequired":true,"valueName":"search_term_string"}}],"inLanguage":"en-CA"},{"@type":"Organization","@id":"https:\/\/promasanimation.com\/#organization","name":"Promas - Service d'animation","url":"https:\/\/promasanimation.com\/","logo":{"@type":"ImageObject","inLanguage":"en-CA","@id":"https:\/\/promasanimation.com\/#\/schema\/logo\/image\/","url":"https:\/\/promasanimation.com\/wp-content\/uploads\/2022\/01\/LOGO-PROMAS-SA-HORIZONTAL-RGB-01.png","contentUrl":"https:\/\/promasanimation.com\/wp-content\/uploads\/2022\/01\/LOGO-PROMAS-SA-HORIZONTAL-RGB-01.png","width":326,"height":81,"caption":"Promas - Service d'animation"},"image":{"@id":"https:\/\/promasanimation.com\/#\/schema\/logo\/image\/"},"sameAs":["https:\/\/www.facebook.com\/Promasanimation","https:\/\/www.instagram.com\/promasanimation\/?hl=fr"]}]}},"_links":{"self":[{"href":"https:\/\/promasanimation.com\/en\/wp-json\/wp\/v2\/product\/571044","targetHints":{"allow":["GET"]}}],"collection":[{"href":"https:\/\/promasanimation.com\/en\/wp-json\/wp\/v2\/product"}],"about":[{"href":"https:\/\/promasanimation.com\/en\/wp-json\/wp\/v2\/types\/product"}],"wp:featuredmedia":[{"embeddable":true,"href":"https:\/\/promasanimation.com\/en\/wp-json\/wp\/v2\/media\/571003"}],"wp:attachment":[{"href":"https:\/\/promasanimation.com\/en\/wp-json\/wp\/v2\/media?parent=571044"}],"wp:term":[{"taxonomy":"product_brand","embeddable":true,"href":"https:\/\/promasanimation.com\/en\/wp-json\/wp\/v2\/product_brand?post=571044"},{"taxonomy":"product_cat","embeddable":true,"href":"https:\/\/promasanimation.com\/en\/wp-json\/wp\/v2\/product_cat?post=571044"},{"taxonomy":"product_tag","embeddable":true,"href":"https:\/\/promasanimation.com\/en\/wp-json\/wp\/v2\/product_tag?post=571044"},{"taxonomy":"les-promenades-fantomes","embeddable":true,"href":"https:\/\/promasanimation.com\/en\/wp-json\/wp\/v2\/les-promenades-fantomes?post=571044"},{"taxonomy":"promas-service","embeddable":true,"href":"https:\/\/promasanimation.com\/en\/wp-json\/wp\/v2\/promas-service?post=571044"}],"curies":[{"name":"wp","href":"https:\/\/api.w.org\/{rel}","templated":true}]}}