{"id":10442,"date":"2023-11-04T16:30:07","date_gmt":"2023-11-04T20:30:07","guid":{"rendered":"https:\/\/promasanimation.com\/?post_type=product&#038;p=10442"},"modified":"2025-04-24T17:34:48","modified_gmt":"2025-04-24T21:34:48","slug":"street-theatre-crimes-in-new-france","status":"publish","type":"product","link":"https:\/\/promasanimation.com\/en\/produit\/street-theatre-crimes-in-new-france\/","title":{"rendered":"Street Theatre &#8211; Crimes in New France"},"content":{"rendered":"<p><strong>Once a place of perdition for many criminals, New France resurfaces in this interactive street theater to expose you to sordid crimes committed centuries ago!<\/strong><\/p>\n<p>The specter of Marie Rivi\u00e8re or hangman Jean Rattier, both entertaining and interesting, will lead you to meet several criminals of the past, while reciting sinister stories that may give you goosebumps.<\/p>\n<p>Be warned, some ghosts may ask for your participation\u2026<\/p>\n<div class=\"subsection\" data-v-5ce760f0=\"\" data-v-6e564eaf-s=\"\" data-test-id=\"activity-details-fields-description-display\">\n<div class=\"content-builder-markdown-view\" data-v-5ecb7dfc=\"\" data-v-5ce760f0=\"\" data-v-6e564eaf-s=\"\">\n<p><strong>Keep an eye out!<\/strong><\/p>\n<\/div>\n<\/div>\n<div class=\"subsection\" data-v-5ce760f0=\"\" data-v-6e564eaf-s=\"\" data-test-id=\"activity-details-fields-what-is-included-display\"><\/div>\n<div data-v-5ce760f0=\"\" data-v-6e564eaf-s=\"\" data-test-id=\"activity-details-fields-what-is-included-display\">\n<p><em>*RESERVE EARLY! Places are limited. If you select a departure, but there is still enough space for your reservation in the previous group, you will automatically be transferred to that group. We use several partner platforms, so it sometimes happens that the number of remaining places is not representative of reality.<\/em><\/p>\n<p><em>**Departure is in front of 44 chauss\u00e9e des \u00c9cossais (Morrin Centre) and ends at Fresque des Qu\u00e9b\u00e9cois.<\/em><\/p>\n<p><em>***We would like to remind you that our walking tour is non-refundable and non-exchangeable. Our ghosts walk rain or shine. Please adapt your clothing to the weather to be more comfortable, as the tour is exclusively outdoors. <strong>YOU WILL NOT RECEIVE TICKETS BY MAIL.<\/strong><\/em><\/p>\n<p>&nbsp;<\/p>\n<\/div>\n<p><a href=\"https:\/\/promasanimation.com\/produit\/theatre-de-rue-crimes-en-nouvelle-france\/\"><strong>CLIQUEZ ICI POUR FRAN\u00c7AIS<\/strong><\/a><\/p>\n","protected":false},"excerpt":{"rendered":"<p>Once a place of perdition for many criminals, New France resurfaces in this interactive street theater to expose you to sordid crimes committed centuries ago! The specter of Marie Rivi\u00e8re or hangman Jean Rattier, both entertaining and interesting, will lead you to meet several criminals of the past, while reciting sinister stories that may give [&hellip;]<\/p>\n","protected":false},"featured_media":2570,"template":"","meta":{"_acf_changed":false},"product_brand":[],"product_cat":[73,100],"product_tag":[],"les-promenades-fantomes":[61],"promas-service":[66],"class_list":{"0":"post-10442","1":"product","2":"type-product","3":"status-publish","4":"has-post-thumbnail","6":"product_cat-interactive-street-theater","7":"product_cat-must-try","8":"les-promenades-fantomes-interactive-street-theater","9":"promas-service-promenades-fantomes-en","11":"first","12":"instock","13":"taxable","14":"shipping-taxable","15":"purchasable","16":"product-type-phive_booking"},"acf":[],"yoast_head":"<!-- This site is optimized with the Yoast SEO plugin v27.4 - https:\/\/yoast.com\/product\/yoast-seo-wordpress\/ -->\n<title>Street Theatre - Crimes in New France - Promas - Service d&#039;animation<\/title>\n<meta name=\"robots\" content=\"index, follow, max-snippet:-1, max-image-preview:large, max-video-preview:-1\" \/>\n<link rel=\"canonical\" href=\"https:\/\/promasanimation.com\/en\/produit\/street-theatre-crimes-in-new-france\/\" \/>\n<meta property=\"og:locale\" content=\"en_US\" \/>\n<meta property=\"og:type\" content=\"article\" \/>\n<meta property=\"og:title\" content=\"Street Theatre - Crimes in New France - Promas - Service d&#039;animation\" \/>\n<meta property=\"og:description\" content=\"Once a place of perdition for many criminals, New France resurfaces in this interactive street theater to expose you to sordid crimes committed centuries ago! The specter of Marie Rivi\u00e8re or hangman Jean Rattier, both entertaining and interesting, will lead you to meet several criminals of the past, while reciting sinister stories that may give [&hellip;]\" \/>\n<meta property=\"og:url\" content=\"https:\/\/promasanimation.com\/en\/produit\/street-theatre-crimes-in-new-france\/\" \/>\n<meta property=\"og:site_name\" content=\"Promas - Service d&#039;animation\" \/>\n<meta property=\"article:publisher\" content=\"https:\/\/www.facebook.com\/Promasanimation\" \/>\n<meta property=\"article:modified_time\" content=\"2025-04-24T21:34:48+00:00\" \/>\n<meta property=\"og:image\" content=\"https:\/\/promasanimation.com\/wp-content\/uploads\/2022\/04\/4728-PROMENADES-FANTOMES-Carre\u0301-pub-mai-2021-INTERACTIVE-CRIMES-V1-1.jpg\" \/>\n\t<meta property=\"og:image:width\" content=\"1000\" \/>\n\t<meta property=\"og:image:height\" content=\"1000\" \/>\n\t<meta property=\"og:image:type\" content=\"image\/jpeg\" \/>\n<meta name=\"twitter:card\" content=\"summary_large_image\" \/>\n<meta name=\"twitter:label1\" content=\"Est. reading time\" \/>\n\t<meta name=\"twitter:data1\" content=\"2 minutes\" \/>\n<script type=\"application\/ld+json\" class=\"yoast-schema-graph\">{\"@context\":\"https:\\\/\\\/schema.org\",\"@graph\":[{\"@type\":\"WebPage\",\"@id\":\"https:\\\/\\\/promasanimation.com\\\/en\\\/produit\\\/street-theatre-crimes-in-new-france\\\/\",\"url\":\"https:\\\/\\\/promasanimation.com\\\/en\\\/produit\\\/street-theatre-crimes-in-new-france\\\/\",\"name\":\"Street Theatre - Crimes in New France - Promas - Service d&#039;animation\",\"isPartOf\":{\"@id\":\"https:\\\/\\\/promasanimation.com\\\/#website\"},\"primaryImageOfPage\":{\"@id\":\"https:\\\/\\\/promasanimation.com\\\/en\\\/produit\\\/street-theatre-crimes-in-new-france\\\/#primaryimage\"},\"image\":{\"@id\":\"https:\\\/\\\/promasanimation.com\\\/en\\\/produit\\\/street-theatre-crimes-in-new-france\\\/#primaryimage\"},\"thumbnailUrl\":\"https:\\\/\\\/promasanimation.com\\\/wp-content\\\/uploads\\\/2022\\\/04\\\/4728-PROMENADES-FANTOMES-Carre\u0301-pub-mai-2021-INTERACTIVE-CRIMES-V1-1.jpg\",\"datePublished\":\"2023-11-04T20:30:07+00:00\",\"dateModified\":\"2025-04-24T21:34:48+00:00\",\"breadcrumb\":{\"@id\":\"https:\\\/\\\/promasanimation.com\\\/en\\\/produit\\\/street-theatre-crimes-in-new-france\\\/#breadcrumb\"},\"inLanguage\":\"en-CA\",\"potentialAction\":[{\"@type\":\"ReadAction\",\"target\":[\"https:\\\/\\\/promasanimation.com\\\/en\\\/produit\\\/street-theatre-crimes-in-new-france\\\/\"]}]},{\"@type\":\"ImageObject\",\"inLanguage\":\"en-CA\",\"@id\":\"https:\\\/\\\/promasanimation.com\\\/en\\\/produit\\\/street-theatre-crimes-in-new-france\\\/#primaryimage\",\"url\":\"https:\\\/\\\/promasanimation.com\\\/wp-content\\\/uploads\\\/2022\\\/04\\\/4728-PROMENADES-FANTOMES-Carre\u0301-pub-mai-2021-INTERACTIVE-CRIMES-V1-1.jpg\",\"contentUrl\":\"https:\\\/\\\/promasanimation.com\\\/wp-content\\\/uploads\\\/2022\\\/04\\\/4728-PROMENADES-FANTOMES-Carre\u0301-pub-mai-2021-INTERACTIVE-CRIMES-V1-1.jpg\",\"width\":1000,\"height\":1000},{\"@type\":\"BreadcrumbList\",\"@id\":\"https:\\\/\\\/promasanimation.com\\\/en\\\/produit\\\/street-theatre-crimes-in-new-france\\\/#breadcrumb\",\"itemListElement\":[{\"@type\":\"ListItem\",\"position\":1,\"name\":\"Accueil\",\"item\":\"https:\\\/\\\/promasanimation.com\\\/en\\\/\"},{\"@type\":\"ListItem\",\"position\":2,\"name\":\"Shop\",\"item\":\"https:\\\/\\\/promasanimation.com\\\/en\\\/shop\\\/\"},{\"@type\":\"ListItem\",\"position\":3,\"name\":\"Street Theatre &#8211; Crimes in New France\"}]},{\"@type\":\"WebSite\",\"@id\":\"https:\\\/\\\/promasanimation.com\\\/#website\",\"url\":\"https:\\\/\\\/promasanimation.com\\\/\",\"name\":\"Promas - Service d'animation\",\"description\":\"\",\"publisher\":{\"@id\":\"https:\\\/\\\/promasanimation.com\\\/#organization\"},\"potentialAction\":[{\"@type\":\"SearchAction\",\"target\":{\"@type\":\"EntryPoint\",\"urlTemplate\":\"https:\\\/\\\/promasanimation.com\\\/?s={search_term_string}\"},\"query-input\":{\"@type\":\"PropertyValueSpecification\",\"valueRequired\":true,\"valueName\":\"search_term_string\"}}],\"inLanguage\":\"en-CA\"},{\"@type\":\"Organization\",\"@id\":\"https:\\\/\\\/promasanimation.com\\\/#organization\",\"name\":\"Promas - Service d'animation\",\"url\":\"https:\\\/\\\/promasanimation.com\\\/\",\"logo\":{\"@type\":\"ImageObject\",\"inLanguage\":\"en-CA\",\"@id\":\"https:\\\/\\\/promasanimation.com\\\/#\\\/schema\\\/logo\\\/image\\\/\",\"url\":\"https:\\\/\\\/promasanimation.com\\\/wp-content\\\/uploads\\\/2022\\\/01\\\/LOGO-PROMAS-SA-HORIZONTAL-RGB-01.png\",\"contentUrl\":\"https:\\\/\\\/promasanimation.com\\\/wp-content\\\/uploads\\\/2022\\\/01\\\/LOGO-PROMAS-SA-HORIZONTAL-RGB-01.png\",\"width\":326,\"height\":81,\"caption\":\"Promas - Service d'animation\"},\"image\":{\"@id\":\"https:\\\/\\\/promasanimation.com\\\/#\\\/schema\\\/logo\\\/image\\\/\"},\"sameAs\":[\"https:\\\/\\\/www.facebook.com\\\/Promasanimation\",\"https:\\\/\\\/www.instagram.com\\\/promasanimation\\\/?hl=fr\"]}]}<\/script>\n<!-- \/ Yoast SEO plugin. -->","yoast_head_json":{"title":"Street Theatre - Crimes in New France - Promas - Service d&#039;animation","robots":{"index":"index","follow":"follow","max-snippet":"max-snippet:-1","max-image-preview":"max-image-preview:large","max-video-preview":"max-video-preview:-1"},"canonical":"https:\/\/promasanimation.com\/en\/produit\/street-theatre-crimes-in-new-france\/","og_locale":"en_US","og_type":"article","og_title":"Street Theatre - Crimes in New France - Promas - Service d&#039;animation","og_description":"Once a place of perdition for many criminals, New France resurfaces in this interactive street theater to expose you to sordid crimes committed centuries ago! The specter of Marie Rivi\u00e8re or hangman Jean Rattier, both entertaining and interesting, will lead you to meet several criminals of the past, while reciting sinister stories that may give [&hellip;]","og_url":"https:\/\/promasanimation.com\/en\/produit\/street-theatre-crimes-in-new-france\/","og_site_name":"Promas - Service d&#039;animation","article_publisher":"https:\/\/www.facebook.com\/Promasanimation","article_modified_time":"2025-04-24T21:34:48+00:00","og_image":[{"width":1000,"height":1000,"url":"https:\/\/promasanimation.com\/wp-content\/uploads\/2022\/04\/4728-PROMENADES-FANTOMES-Carre\u0301-pub-mai-2021-INTERACTIVE-CRIMES-V1-1.jpg","type":"image\/jpeg"}],"twitter_card":"summary_large_image","twitter_misc":{"Est. reading time":"2 minutes"},"schema":{"@context":"https:\/\/schema.org","@graph":[{"@type":"WebPage","@id":"https:\/\/promasanimation.com\/en\/produit\/street-theatre-crimes-in-new-france\/","url":"https:\/\/promasanimation.com\/en\/produit\/street-theatre-crimes-in-new-france\/","name":"Street Theatre - Crimes in New France - Promas - Service d&#039;animation","isPartOf":{"@id":"https:\/\/promasanimation.com\/#website"},"primaryImageOfPage":{"@id":"https:\/\/promasanimation.com\/en\/produit\/street-theatre-crimes-in-new-france\/#primaryimage"},"image":{"@id":"https:\/\/promasanimation.com\/en\/produit\/street-theatre-crimes-in-new-france\/#primaryimage"},"thumbnailUrl":"https:\/\/promasanimation.com\/wp-content\/uploads\/2022\/04\/4728-PROMENADES-FANTOMES-Carre\u0301-pub-mai-2021-INTERACTIVE-CRIMES-V1-1.jpg","datePublished":"2023-11-04T20:30:07+00:00","dateModified":"2025-04-24T21:34:48+00:00","breadcrumb":{"@id":"https:\/\/promasanimation.com\/en\/produit\/street-theatre-crimes-in-new-france\/#breadcrumb"},"inLanguage":"en-CA","potentialAction":[{"@type":"ReadAction","target":["https:\/\/promasanimation.com\/en\/produit\/street-theatre-crimes-in-new-france\/"]}]},{"@type":"ImageObject","inLanguage":"en-CA","@id":"https:\/\/promasanimation.com\/en\/produit\/street-theatre-crimes-in-new-france\/#primaryimage","url":"https:\/\/promasanimation.com\/wp-content\/uploads\/2022\/04\/4728-PROMENADES-FANTOMES-Carre\u0301-pub-mai-2021-INTERACTIVE-CRIMES-V1-1.jpg","contentUrl":"https:\/\/promasanimation.com\/wp-content\/uploads\/2022\/04\/4728-PROMENADES-FANTOMES-Carre\u0301-pub-mai-2021-INTERACTIVE-CRIMES-V1-1.jpg","width":1000,"height":1000},{"@type":"BreadcrumbList","@id":"https:\/\/promasanimation.com\/en\/produit\/street-theatre-crimes-in-new-france\/#breadcrumb","itemListElement":[{"@type":"ListItem","position":1,"name":"Accueil","item":"https:\/\/promasanimation.com\/en\/"},{"@type":"ListItem","position":2,"name":"Shop","item":"https:\/\/promasanimation.com\/en\/shop\/"},{"@type":"ListItem","position":3,"name":"Street Theatre &#8211; Crimes in New France"}]},{"@type":"WebSite","@id":"https:\/\/promasanimation.com\/#website","url":"https:\/\/promasanimation.com\/","name":"Promas - Service d'animation","description":"","publisher":{"@id":"https:\/\/promasanimation.com\/#organization"},"potentialAction":[{"@type":"SearchAction","target":{"@type":"EntryPoint","urlTemplate":"https:\/\/promasanimation.com\/?s={search_term_string}"},"query-input":{"@type":"PropertyValueSpecification","valueRequired":true,"valueName":"search_term_string"}}],"inLanguage":"en-CA"},{"@type":"Organization","@id":"https:\/\/promasanimation.com\/#organization","name":"Promas - Service d'animation","url":"https:\/\/promasanimation.com\/","logo":{"@type":"ImageObject","inLanguage":"en-CA","@id":"https:\/\/promasanimation.com\/#\/schema\/logo\/image\/","url":"https:\/\/promasanimation.com\/wp-content\/uploads\/2022\/01\/LOGO-PROMAS-SA-HORIZONTAL-RGB-01.png","contentUrl":"https:\/\/promasanimation.com\/wp-content\/uploads\/2022\/01\/LOGO-PROMAS-SA-HORIZONTAL-RGB-01.png","width":326,"height":81,"caption":"Promas - Service d'animation"},"image":{"@id":"https:\/\/promasanimation.com\/#\/schema\/logo\/image\/"},"sameAs":["https:\/\/www.facebook.com\/Promasanimation","https:\/\/www.instagram.com\/promasanimation\/?hl=fr"]}]}},"_links":{"self":[{"href":"https:\/\/promasanimation.com\/en\/wp-json\/wp\/v2\/product\/10442","targetHints":{"allow":["GET"]}}],"collection":[{"href":"https:\/\/promasanimation.com\/en\/wp-json\/wp\/v2\/product"}],"about":[{"href":"https:\/\/promasanimation.com\/en\/wp-json\/wp\/v2\/types\/product"}],"wp:featuredmedia":[{"embeddable":true,"href":"https:\/\/promasanimation.com\/en\/wp-json\/wp\/v2\/media\/2570"}],"wp:attachment":[{"href":"https:\/\/promasanimation.com\/en\/wp-json\/wp\/v2\/media?parent=10442"}],"wp:term":[{"taxonomy":"product_brand","embeddable":true,"href":"https:\/\/promasanimation.com\/en\/wp-json\/wp\/v2\/product_brand?post=10442"},{"taxonomy":"product_cat","embeddable":true,"href":"https:\/\/promasanimation.com\/en\/wp-json\/wp\/v2\/product_cat?post=10442"},{"taxonomy":"product_tag","embeddable":true,"href":"https:\/\/promasanimation.com\/en\/wp-json\/wp\/v2\/product_tag?post=10442"},{"taxonomy":"les-promenades-fantomes","embeddable":true,"href":"https:\/\/promasanimation.com\/en\/wp-json\/wp\/v2\/les-promenades-fantomes?post=10442"},{"taxonomy":"promas-service","embeddable":true,"href":"https:\/\/promasanimation.com\/en\/wp-json\/wp\/v2\/promas-service?post=10442"}],"curies":[{"name":"wp","href":"https:\/\/api.w.org\/{rel}","templated":true}]}}