{"id":2297,"date":"2022-03-07T19:35:05","date_gmt":"2022-03-08T00:35:05","guid":{"rendered":"https:\/\/promasanimation.com\/emploi\/"},"modified":"2025-06-04T12:25:21","modified_gmt":"2025-06-04T16:25:21","slug":"job","status":"publish","type":"page","link":"https:\/\/promasanimation.com\/en\/job\/","title":{"rendered":"Jobs"},"content":{"rendered":"<h2>IS THIS A JOB FOR YOU?<\/h2>\n<h3>Join our animation team!<\/h3>\n\t<div class=\"awsm-job-wrap\">\n\n\t\t\n\t\t<div class=\"awsm-job-listings awsm-lists\" data-listings=\"10\" data-lang=\"en\">\n\t\t\t\t\t<div class=\"awsm-jobs-none-container\">\n\t\t\t\t<p>Il n'y a pr\u00e9sentement pas de postes disponibles<\/p>\n\t\t\t<\/div>\n\t\t\t<\/div>\n\t<\/div>\n\n<h2>NO JOBS LISTED<br \/>THAT SUIT YOU?<\/h2>\n<p>Send us your resume anyway.<\/p>\n<p>We may have a job for you soon!<\/p>\n","protected":false},"excerpt":{"rendered":"<p>IS THIS A JOB FOR YOU? Join our animation team! NO JOBS LISTEDTHAT SUIT YOU? Send us your resume anyway. We may have a job for you soon!<\/p>\n","protected":false},"author":67,"featured_media":0,"parent":0,"menu_order":0,"comment_status":"closed","ping_status":"closed","template":"","meta":{"_acf_changed":false,"footnotes":""},"class_list":["post-2297","page","type-page","status-publish","hentry"],"acf":[],"yoast_head":"<!-- This site is optimized with the Yoast SEO plugin v27.3 - https:\/\/yoast.com\/product\/yoast-seo-wordpress\/ -->\n<title>Job at Promas<\/title>\n<meta name=\"description\" content=\"Vous \u00eates \u00e0 la recherche d&#039;un emploi ? Voici les offres disponibles en ce moment ou envoyez-nous votre candidature spontan\u00e9e.\" \/>\n<meta name=\"robots\" content=\"index, follow, max-snippet:-1, max-image-preview:large, max-video-preview:-1\" \/>\n<link rel=\"canonical\" href=\"https:\/\/promasanimation.com\/en\/job\/\" \/>\n<meta property=\"og:locale\" content=\"en_US\" \/>\n<meta property=\"og:type\" content=\"article\" \/>\n<meta property=\"og:title\" content=\"Job at Promas\" \/>\n<meta property=\"og:description\" content=\"Vous \u00eates \u00e0 la recherche d&#039;un emploi ? Voici les offres disponibles en ce moment ou envoyez-nous votre candidature spontan\u00e9e.\" \/>\n<meta property=\"og:url\" content=\"https:\/\/promasanimation.com\/en\/job\/\" \/>\n<meta property=\"og:site_name\" content=\"Promas - Service d&#039;animation\" \/>\n<meta property=\"article:publisher\" content=\"https:\/\/www.facebook.com\/Promasanimation\" \/>\n<meta property=\"article:modified_time\" content=\"2025-06-04T16:25:21+00:00\" \/>\n<meta name=\"twitter:card\" content=\"summary_large_image\" \/>\n<meta name=\"twitter:label1\" content=\"Est. reading time\" \/>\n\t<meta name=\"twitter:data1\" content=\"1 minute\" \/>\n<script type=\"application\/ld+json\" class=\"yoast-schema-graph\">{\"@context\":\"https:\\\/\\\/schema.org\",\"@graph\":[{\"@type\":\"WebPage\",\"@id\":\"https:\\\/\\\/promasanimation.com\\\/en\\\/job\\\/\",\"url\":\"https:\\\/\\\/promasanimation.com\\\/en\\\/job\\\/\",\"name\":\"Job at Promas\",\"isPartOf\":{\"@id\":\"https:\\\/\\\/promasanimation.com\\\/#website\"},\"datePublished\":\"2022-03-08T00:35:05+00:00\",\"dateModified\":\"2025-06-04T16:25:21+00:00\",\"description\":\"Vous \u00eates \u00e0 la recherche d'un emploi ? Voici les offres disponibles en ce moment ou envoyez-nous votre candidature spontan\u00e9e.\",\"breadcrumb\":{\"@id\":\"https:\\\/\\\/promasanimation.com\\\/en\\\/job\\\/#breadcrumb\"},\"inLanguage\":\"en-CA\",\"potentialAction\":[{\"@type\":\"ReadAction\",\"target\":[\"https:\\\/\\\/promasanimation.com\\\/en\\\/job\\\/\"]}]},{\"@type\":\"BreadcrumbList\",\"@id\":\"https:\\\/\\\/promasanimation.com\\\/en\\\/job\\\/#breadcrumb\",\"itemListElement\":[{\"@type\":\"ListItem\",\"position\":1,\"name\":\"Accueil\",\"item\":\"https:\\\/\\\/promasanimation.com\\\/en\\\/\"},{\"@type\":\"ListItem\",\"position\":2,\"name\":\"Jobs\"}]},{\"@type\":\"WebSite\",\"@id\":\"https:\\\/\\\/promasanimation.com\\\/#website\",\"url\":\"https:\\\/\\\/promasanimation.com\\\/\",\"name\":\"Promas - Service d'animation\",\"description\":\"\",\"publisher\":{\"@id\":\"https:\\\/\\\/promasanimation.com\\\/#organization\"},\"potentialAction\":[{\"@type\":\"SearchAction\",\"target\":{\"@type\":\"EntryPoint\",\"urlTemplate\":\"https:\\\/\\\/promasanimation.com\\\/?s={search_term_string}\"},\"query-input\":{\"@type\":\"PropertyValueSpecification\",\"valueRequired\":true,\"valueName\":\"search_term_string\"}}],\"inLanguage\":\"en-CA\"},{\"@type\":\"Organization\",\"@id\":\"https:\\\/\\\/promasanimation.com\\\/#organization\",\"name\":\"Promas - Service d'animation\",\"url\":\"https:\\\/\\\/promasanimation.com\\\/\",\"logo\":{\"@type\":\"ImageObject\",\"inLanguage\":\"en-CA\",\"@id\":\"https:\\\/\\\/promasanimation.com\\\/#\\\/schema\\\/logo\\\/image\\\/\",\"url\":\"https:\\\/\\\/promasanimation.com\\\/wp-content\\\/uploads\\\/2022\\\/01\\\/LOGO-PROMAS-SA-HORIZONTAL-RGB-01.png\",\"contentUrl\":\"https:\\\/\\\/promasanimation.com\\\/wp-content\\\/uploads\\\/2022\\\/01\\\/LOGO-PROMAS-SA-HORIZONTAL-RGB-01.png\",\"width\":326,\"height\":81,\"caption\":\"Promas - Service d'animation\"},\"image\":{\"@id\":\"https:\\\/\\\/promasanimation.com\\\/#\\\/schema\\\/logo\\\/image\\\/\"},\"sameAs\":[\"https:\\\/\\\/www.facebook.com\\\/Promasanimation\",\"https:\\\/\\\/www.instagram.com\\\/promasanimation\\\/?hl=fr\"]}]}<\/script>\n<!-- \/ Yoast SEO plugin. -->","yoast_head_json":{"title":"Job at Promas","description":"Vous \u00eates \u00e0 la recherche d'un emploi ? Voici les offres disponibles en ce moment ou envoyez-nous votre candidature spontan\u00e9e.","robots":{"index":"index","follow":"follow","max-snippet":"max-snippet:-1","max-image-preview":"max-image-preview:large","max-video-preview":"max-video-preview:-1"},"canonical":"https:\/\/promasanimation.com\/en\/job\/","og_locale":"en_US","og_type":"article","og_title":"Job at Promas","og_description":"Vous \u00eates \u00e0 la recherche d'un emploi ? Voici les offres disponibles en ce moment ou envoyez-nous votre candidature spontan\u00e9e.","og_url":"https:\/\/promasanimation.com\/en\/job\/","og_site_name":"Promas - Service d&#039;animation","article_publisher":"https:\/\/www.facebook.com\/Promasanimation","article_modified_time":"2025-06-04T16:25:21+00:00","twitter_card":"summary_large_image","twitter_misc":{"Est. reading time":"1 minute"},"schema":{"@context":"https:\/\/schema.org","@graph":[{"@type":"WebPage","@id":"https:\/\/promasanimation.com\/en\/job\/","url":"https:\/\/promasanimation.com\/en\/job\/","name":"Job at Promas","isPartOf":{"@id":"https:\/\/promasanimation.com\/#website"},"datePublished":"2022-03-08T00:35:05+00:00","dateModified":"2025-06-04T16:25:21+00:00","description":"Vous \u00eates \u00e0 la recherche d'un emploi ? Voici les offres disponibles en ce moment ou envoyez-nous votre candidature spontan\u00e9e.","breadcrumb":{"@id":"https:\/\/promasanimation.com\/en\/job\/#breadcrumb"},"inLanguage":"en-CA","potentialAction":[{"@type":"ReadAction","target":["https:\/\/promasanimation.com\/en\/job\/"]}]},{"@type":"BreadcrumbList","@id":"https:\/\/promasanimation.com\/en\/job\/#breadcrumb","itemListElement":[{"@type":"ListItem","position":1,"name":"Accueil","item":"https:\/\/promasanimation.com\/en\/"},{"@type":"ListItem","position":2,"name":"Jobs"}]},{"@type":"WebSite","@id":"https:\/\/promasanimation.com\/#website","url":"https:\/\/promasanimation.com\/","name":"Promas - Service d'animation","description":"","publisher":{"@id":"https:\/\/promasanimation.com\/#organization"},"potentialAction":[{"@type":"SearchAction","target":{"@type":"EntryPoint","urlTemplate":"https:\/\/promasanimation.com\/?s={search_term_string}"},"query-input":{"@type":"PropertyValueSpecification","valueRequired":true,"valueName":"search_term_string"}}],"inLanguage":"en-CA"},{"@type":"Organization","@id":"https:\/\/promasanimation.com\/#organization","name":"Promas - Service d'animation","url":"https:\/\/promasanimation.com\/","logo":{"@type":"ImageObject","inLanguage":"en-CA","@id":"https:\/\/promasanimation.com\/#\/schema\/logo\/image\/","url":"https:\/\/promasanimation.com\/wp-content\/uploads\/2022\/01\/LOGO-PROMAS-SA-HORIZONTAL-RGB-01.png","contentUrl":"https:\/\/promasanimation.com\/wp-content\/uploads\/2022\/01\/LOGO-PROMAS-SA-HORIZONTAL-RGB-01.png","width":326,"height":81,"caption":"Promas - Service d'animation"},"image":{"@id":"https:\/\/promasanimation.com\/#\/schema\/logo\/image\/"},"sameAs":["https:\/\/www.facebook.com\/Promasanimation","https:\/\/www.instagram.com\/promasanimation\/?hl=fr"]}]}},"_links":{"self":[{"href":"https:\/\/promasanimation.com\/en\/wp-json\/wp\/v2\/pages\/2297","targetHints":{"allow":["GET"]}}],"collection":[{"href":"https:\/\/promasanimation.com\/en\/wp-json\/wp\/v2\/pages"}],"about":[{"href":"https:\/\/promasanimation.com\/en\/wp-json\/wp\/v2\/types\/page"}],"author":[{"embeddable":true,"href":"https:\/\/promasanimation.com\/en\/wp-json\/wp\/v2\/users\/67"}],"replies":[{"embeddable":true,"href":"https:\/\/promasanimation.com\/en\/wp-json\/wp\/v2\/comments?post=2297"}],"version-history":[{"count":4,"href":"https:\/\/promasanimation.com\/en\/wp-json\/wp\/v2\/pages\/2297\/revisions"}],"predecessor-version":[{"id":576934,"href":"https:\/\/promasanimation.com\/en\/wp-json\/wp\/v2\/pages\/2297\/revisions\/576934"}],"wp:attachment":[{"href":"https:\/\/promasanimation.com\/en\/wp-json\/wp\/v2\/media?parent=2297"}],"curies":[{"name":"wp","href":"https:\/\/api.w.org\/{rel}","templated":true}]}}